{"id":194,"date":"2020-02-17T14:00:33","date_gmt":"2020-02-17T13:00:33","guid":{"rendered":"http:\/\/pierre-noblet-dev.tech\/public\/?page_id=194"},"modified":"2022-04-11T12:13:00","modified_gmt":"2022-04-11T10:13:00","slug":"accueil","status":"publish","type":"page","link":"https:\/\/pierre-noblet-dev.tech\/public\/","title":{"rendered":"Accueil"},"content":{"rendered":"\t\t<div data-elementor-type=\"wp-page\" data-elementor-id=\"194\" class=\"elementor elementor-194\">\n\t\t\t\t\t\t<section class=\"elementor-section elementor-top-section elementor-element elementor-element-f2b161b elementor-section-boxed elementor-section-height-default elementor-section-height-default\" data-id=\"f2b161b\" data-element_type=\"section\" data-e-type=\"section\">\n\t\t\t\t\t\t<div class=\"elementor-container elementor-column-gap-default\">\n\t\t\t\t\t<div class=\"elementor-column elementor-col-100 elementor-top-column elementor-element elementor-element-683b1e0\" data-id=\"683b1e0\" data-element_type=\"column\" data-e-type=\"column\">\n\t\t\t<div class=\"elementor-widget-wrap elementor-element-populated\">\n\t\t\t\t\t\t<div class=\"elementor-element elementor-element-096fa72 elementor-widget elementor-widget-heading\" data-id=\"096fa72\" data-element_type=\"widget\" data-e-type=\"widget\" data-widget_type=\"heading.default\">\n\t\t\t\t<div class=\"elementor-widget-container\">\n\t\t\t\t\t<h2 class=\"elementor-heading-title elementor-size-default\">Permanences<\/h2>\t\t\t\t<\/div>\n\t\t\t\t<\/div>\n\t\t\t\t\t<\/div>\n\t\t<\/div>\n\t\t\t\t\t<\/div>\n\t\t<\/section>\n\t\t\t\t<section class=\"elementor-section elementor-top-section elementor-element elementor-element-f46f549 elementor-section-boxed elementor-section-height-default elementor-section-height-default\" data-id=\"f46f549\" data-element_type=\"section\" data-e-type=\"section\">\n\t\t\t\t\t\t<div class=\"elementor-container elementor-column-gap-default\">\n\t\t\t\t\t\t<\/div>\n\t\t<\/section>\n\t\t\t\t<section class=\"elementor-section elementor-top-section elementor-element elementor-element-ce83189 elementor-section-boxed elementor-section-height-default elementor-section-height-default\" data-id=\"ce83189\" data-element_type=\"section\" data-e-type=\"section\">\n\t\t\t\t\t\t<div class=\"elementor-container elementor-column-gap-default\">\n\t\t\t\t\t\t<\/div>\n\t\t<\/section>\n\t\t\t\t<section class=\"elementor-section elementor-top-section elementor-element elementor-element-d53dc88 elementor-section-boxed elementor-section-height-default elementor-section-height-default\" data-id=\"d53dc88\" data-element_type=\"section\" data-e-type=\"section\">\n\t\t\t\t\t\t<div class=\"elementor-container elementor-column-gap-default\">\n\t\t\t\t\t<div class=\"elementor-column elementor-col-50 elementor-top-column elementor-element elementor-element-a34543a\" data-id=\"a34543a\" data-element_type=\"column\" data-e-type=\"column\">\n\t\t\t<div class=\"elementor-widget-wrap elementor-element-populated\">\n\t\t\t\t\t\t<div class=\"elementor-element elementor-element-0eb5300 elementor-view-stacked elementor-shape-circle elementor-widget elementor-widget-icon\" data-id=\"0eb5300\" data-element_type=\"widget\" data-e-type=\"widget\" data-widget_type=\"icon.default\">\n\t\t\t\t<div class=\"elementor-widget-container\">\n\t\t\t\t\t\t\t<div class=\"elementor-icon-wrapper\">\n\t\t\t<a class=\"elementor-icon\" href=\"https:\/\/pierre-noblet-dev.tech\/public\/carte-permanences-ecrivains-public\/\">\n\t\t\t<i aria-hidden=\"true\" class=\"fas fa-map-marked-alt\"><\/i>\t\t\t<\/a>\n\t\t<\/div>\n\t\t\t\t\t\t<\/div>\n\t\t\t\t<\/div>\n\t\t\t\t<div class=\"elementor-element elementor-element-794706b elementor-widget elementor-widget-text-editor\" data-id=\"794706b\" data-element_type=\"widget\" data-e-type=\"widget\" data-widget_type=\"text-editor.default\">\n\t\t\t\t<div class=\"elementor-widget-container\">\n\t\t\t\t\t\t\t\t\t<h1><a href=\"https:\/\/pierre-noblet-dev.tech\/public\/carte-permanences-ecrivains-public\/\">O\u00f9<\/a><\/h1>\t\t\t\t\t\t\t\t<\/div>\n\t\t\t\t<\/div>\n\t\t\t\t\t<\/div>\n\t\t<\/div>\n\t\t\t\t<div class=\"elementor-column elementor-col-50 elementor-top-column elementor-element elementor-element-7f13357\" data-id=\"7f13357\" data-element_type=\"column\" data-e-type=\"column\">\n\t\t\t<div class=\"elementor-widget-wrap elementor-element-populated\">\n\t\t\t\t\t\t<div class=\"elementor-element elementor-element-d7afc1c elementor-view-stacked elementor-shape-circle elementor-widget elementor-widget-icon\" data-id=\"d7afc1c\" data-element_type=\"widget\" data-e-type=\"widget\" data-widget_type=\"icon.default\">\n\t\t\t\t<div class=\"elementor-widget-container\">\n\t\t\t\t\t\t\t<div class=\"elementor-icon-wrapper\">\n\t\t\t<a class=\"elementor-icon\" href=\"#chartre\">\n\t\t\t<i aria-hidden=\"true\" class=\"far fa-address-book\"><\/i>\t\t\t<\/a>\n\t\t<\/div>\n\t\t\t\t\t\t<\/div>\n\t\t\t\t<\/div>\n\t\t\t\t<div class=\"elementor-element elementor-element-1d1a0de elementor-widget elementor-widget-text-editor\" data-id=\"1d1a0de\" data-element_type=\"widget\" data-e-type=\"widget\" data-widget_type=\"text-editor.default\">\n\t\t\t\t<div class=\"elementor-widget-container\">\n\t\t\t\t\t\t\t\t\t<h2>Charte \u00c9crivains<\/h2>\t\t\t\t\t\t\t\t<\/div>\n\t\t\t\t<\/div>\n\t\t\t\t\t<\/div>\n\t\t<\/div>\n\t\t\t\t\t<\/div>\n\t\t<\/section>\n\t\t\t\t<section class=\"elementor-section elementor-top-section elementor-element elementor-element-104b4bf elementor-section-boxed elementor-section-height-default elementor-section-height-default\" data-id=\"104b4bf\" data-element_type=\"section\" data-e-type=\"section\">\n\t\t\t\t\t\t<div class=\"elementor-container elementor-column-gap-default\">\n\t\t\t\t\t<div class=\"elementor-column elementor-col-100 elementor-top-column elementor-element elementor-element-31e9a68\" data-id=\"31e9a68\" data-element_type=\"column\" data-e-type=\"column\">\n\t\t\t<div class=\"elementor-widget-wrap elementor-element-populated\">\n\t\t\t\t\t\t<div class=\"elementor-element elementor-element-0cf051f elementor-widget elementor-widget-menu-anchor\" data-id=\"0cf051f\" data-element_type=\"widget\" data-e-type=\"widget\" data-widget_type=\"menu-anchor.default\">\n\t\t\t\t<div class=\"elementor-widget-container\">\n\t\t\t\t\t\t\t<div class=\"elementor-menu-anchor\" id=\"chartre\"><\/div>\n\t\t\t\t\t\t<\/div>\n\t\t\t\t<\/div>\n\t\t\t\t\t<\/div>\n\t\t<\/div>\n\t\t\t\t\t<\/div>\n\t\t<\/section>\n\t\t\t\t<section class=\"elementor-section elementor-top-section elementor-element elementor-element-98889f8 elementor-section-boxed elementor-section-height-default elementor-section-height-default\" data-id=\"98889f8\" data-element_type=\"section\" data-e-type=\"section\">\n\t\t\t\t\t\t<div class=\"elementor-container elementor-column-gap-default\">\n\t\t\t\t\t<div class=\"elementor-column elementor-col-100 elementor-top-column elementor-element elementor-element-42dce52\" data-id=\"42dce52\" data-element_type=\"column\" data-e-type=\"column\">\n\t\t\t<div class=\"elementor-widget-wrap elementor-element-populated\">\n\t\t\t\t\t\t<div class=\"elementor-element elementor-element-64f8083 elementor-widget elementor-widget-text-editor\" data-id=\"64f8083\" data-element_type=\"widget\" data-e-type=\"widget\" data-widget_type=\"text-editor.default\">\n\t\t\t\t<div class=\"elementor-widget-container\">\n\t\t\t\t\t\t\t\t\t<h5><strong>I\u00b0) R\u00f4le de l\u2019\u00e9crivain public :<\/strong><\/h5>\n<p>L\u2019\u00e9crivain public \u00e9crit pour et avec autrui tout type de texte \u00e0 caract\u00e8re priv\u00e9, administratif ou professionnel.<\/p>\n<p>Dans la grande majorit\u00e9 des cas, son activit\u00e9 concerne des dossiers administratifs \u00e0 constituer, des formulaires \u00e0<br \/>remplir ou des lettres \u00e0 \u00e9crire.<\/p>\n<p>Mais son r\u00f4le consiste \u00e9galement \u00e0 <strong>\u00e9couter, informer et orienter<\/strong> l&rsquo;usager.<\/p>\n<p>Du fait de la complexit\u00e9 croissante des formalit\u00e9s administratives et de la d\u00e9mat\u00e9rialisation, l\u2019activit\u00e9 b\u00e9n\u00e9vole del\u2019\u00e9crivain public constitue un travail d\u2019utilit\u00e9 sociale, une <strong>aide \u00e0 l\u2019insertion et \u00e0 l\u2019int\u00e9gration<\/strong>, aussi bien sociale que professionnelle.<\/p>\n<p>Il assure \u00e0 ce titre un r\u00f4le d\u2019aiguilleur social.<\/p>\n<p>L\u2019\u00e9crivain public facilite la communication \u00e9crite entre les usagers et l\u2019administration. <br \/><strong>L\u2019\u00e9crivain public intervient <\/strong><strong>b\u00e9n\u00e9volement<\/strong>. <br \/>Son intervention est, \u00e0 ce titre, enti\u00e8rement gratuite.<\/p>\n<h5><strong>II\u00b0) Qui peut rencontrer l&rsquo;\u00e9crivain public ? :<\/strong><\/h5>\n<p>L\u2019\u00e9crivain public peut offrir son service \u00e0 toute personne rencontrant des difficult\u00e9s de compr\u00e9hension et\/ou de<br \/>r\u00e9daction de courriers priv\u00e9s ou administratifs, formulaires, dossiers, questionnaires, etc.<\/p>\n<h5><strong>III\u00b0) D\u00e9roulement de l&rsquo;intervention :<\/strong><\/h5>\n<ol>\n<li>\u00a0Selon les cas, prendre rendez-vous ou se rendre directement \u00e0 la permanence.<\/li>\n<li>Prise en charge de l\u2019usager par l\u2019\u00e9crivain public et \u00e9change sur sa demande.<\/li>\n<li>\u00c9coute, compr\u00e9hension et prise en compte de la situation.<\/li>\n<li>Proposition et choix des axes possibles d\u2019intervention.<\/li>\n<li>Travail de r\u00e9daction en \u00e9change et en accord avec l\u2019usager.<\/li>\n<li>L&rsquo;EP n&rsquo;est nullement tenu d&rsquo;envoyer le travail r\u00e9alis\u00e9. Cela incombe \u00e0 l&rsquo;usager.<\/li>\n<\/ol>\n<h5><strong>IV\u00b0) R\u00e8gles g\u00e9n\u00e9rales encadrant la fonction de l&rsquo;\u00e9crivain public :<\/strong><\/h5>\n<p>L\u2019\u00e9crivain public n\u2019a pas de pouvoir de d\u00e9cision dans le d\u00e9nouement d\u2019une situation. <br \/>La d\u00e9cision finale appartient \u00e0 l\u2019usager. <br \/>Il est tenu au secret professionnel et s\u2019engage \u00e0 la plus grande discr\u00e9tion.<br \/>Il exerce dans le strict respect de la loi. <br \/>\u00c0 cet effet, il se r\u00e9serve le droit de refuser ses services si la demande est contraire \u00e0 la loi, \u00e0 la d\u00e9ontologie et si elle n\u2019est pas de son ressort.<br \/>Il ne porte pas de jugement. Il s\u2019agit d\u2019un accueil neutre et d\u2019\u00e9coute. Il s\u2019interdit de toute discrimination \u00e0 l\u2019encontre des b\u00e9n\u00e9ficiaires de ses services. Il s\u2019engage \u00e0 servir au mieux l\u2019int\u00e9r\u00eat des usagers. Il intervient sur la forme de l\u2019\u00e9crit, fait des propositions sur le contenu, mais c&rsquo;est l&rsquo;usager qui le valide.<br \/>Il r\u00e9dige les documents avec la personne, au nom de celle-ci et jamais en son nom propre, ni celui du service Lutte<br \/>contre les discriminations ou de la commune. Il restitue toute pi\u00e8ce qui lui a \u00e9t\u00e9 confi\u00e9e d\u00e8s la fin de l\u2019intervention.<br \/><br \/><\/p>\n<p><br \/><br \/><\/p>\t\t\t\t\t\t\t\t<\/div>\n\t\t\t\t<\/div>\n\t\t\t\t\t<\/div>\n\t\t<\/div>\n\t\t\t\t\t<\/div>\n\t\t<\/section>\n\t\t\t\t<\/div>\n\t\t","protected":false},"excerpt":{"rendered":"<p>Permanences O\u00f9 Charte \u00c9crivains I\u00b0) R\u00f4le de l\u2019\u00e9crivain public : L\u2019\u00e9crivain public \u00e9crit pour et avec autrui tout type de texte \u00e0 caract\u00e8re priv\u00e9, administratif ou professionnel. Dans la grande majorit\u00e9 des cas, son activit\u00e9 concerne des dossiers administratifs \u00e0 constituer, des formulaires \u00e0 remplir ou des lettres \u00e0 \u00e9crire. Mais son r\u00f4le consiste \u00e9galement <a class=\"read-more\" href=\"https:\/\/pierre-noblet-dev.tech\/public\/\">Read More<\/a><\/p>\n","protected":false},"author":1,"featured_media":0,"parent":0,"menu_order":0,"comment_status":"closed","ping_status":"closed","template":"","meta":{"footnotes":""},"class_list":["post-194","page","type-page","status-publish","hentry"],"_links":{"self":[{"href":"https:\/\/pierre-noblet-dev.tech\/public\/wp-json\/wp\/v2\/pages\/194","targetHints":{"allow":["GET"]}}],"collection":[{"href":"https:\/\/pierre-noblet-dev.tech\/public\/wp-json\/wp\/v2\/pages"}],"about":[{"href":"https:\/\/pierre-noblet-dev.tech\/public\/wp-json\/wp\/v2\/types\/page"}],"author":[{"embeddable":true,"href":"https:\/\/pierre-noblet-dev.tech\/public\/wp-json\/wp\/v2\/users\/1"}],"replies":[{"embeddable":true,"href":"https:\/\/pierre-noblet-dev.tech\/public\/wp-json\/wp\/v2\/comments?post=194"}],"version-history":[{"count":50,"href":"https:\/\/pierre-noblet-dev.tech\/public\/wp-json\/wp\/v2\/pages\/194\/revisions"}],"predecessor-version":[{"id":3908,"href":"https:\/\/pierre-noblet-dev.tech\/public\/wp-json\/wp\/v2\/pages\/194\/revisions\/3908"}],"wp:attachment":[{"href":"https:\/\/pierre-noblet-dev.tech\/public\/wp-json\/wp\/v2\/media?parent=194"}],"curies":[{"name":"wp","href":"https:\/\/api.w.org\/{rel}","templated":true}]}}