{"id":351,"date":"2020-03-06T16:00:12","date_gmt":"2020-03-06T15:00:12","guid":{"rendered":"http:\/\/pierre-noblet-dev.tech\/public\/?page_id=351"},"modified":"2020-11-26T13:46:39","modified_gmt":"2020-11-26T12:46:39","slug":"aides-financiere","status":"publish","type":"page","link":"https:\/\/pierre-noblet-dev.tech\/public\/aides-financiere\/","title":{"rendered":"Aides et revenus min"},"content":{"rendered":"\t\t<div data-elementor-type=\"wp-page\" data-elementor-id=\"351\" class=\"elementor elementor-351\">\n\t\t\t\t\t\t<section class=\"elementor-section elementor-top-section elementor-element elementor-element-2cfe06e elementor-section-boxed elementor-section-height-default elementor-section-height-default\" data-id=\"2cfe06e\" data-element_type=\"section\" data-e-type=\"section\">\n\t\t\t\t\t\t<div class=\"elementor-container elementor-column-gap-default\">\n\t\t\t\t\t<div class=\"elementor-column elementor-col-100 elementor-top-column elementor-element elementor-element-cbbb6fa\" data-id=\"cbbb6fa\" data-element_type=\"column\" data-e-type=\"column\">\n\t\t\t<div class=\"elementor-widget-wrap elementor-element-populated\">\n\t\t\t\t\t\t<div class=\"elementor-element elementor-element-b637d00 elementor-widget elementor-widget-heading\" data-id=\"b637d00\" data-element_type=\"widget\" data-e-type=\"widget\" data-widget_type=\"heading.default\">\n\t\t\t\t<div class=\"elementor-widget-container\">\n\t\t\t\t\t<h2 class=\"elementor-heading-title elementor-size-default\">Listes des aides financi\u00e8res et public concern\u00e9<\/h2>\t\t\t\t<\/div>\n\t\t\t\t<\/div>\n\t\t\t\t\t<\/div>\n\t\t<\/div>\n\t\t\t\t\t<\/div>\n\t\t<\/section>\n\t\t\t\t<section class=\"elementor-section elementor-top-section elementor-element elementor-element-c5c3386 elementor-section-boxed elementor-section-height-default elementor-section-height-default\" data-id=\"c5c3386\" data-element_type=\"section\" data-e-type=\"section\">\n\t\t\t\t\t\t<div class=\"elementor-container elementor-column-gap-default\">\n\t\t\t\t\t<div class=\"elementor-column elementor-col-50 elementor-top-column elementor-element elementor-element-197d97f\" data-id=\"197d97f\" data-element_type=\"column\" data-e-type=\"column\">\n\t\t\t<div class=\"elementor-widget-wrap elementor-element-populated\">\n\t\t\t\t\t\t<div class=\"elementor-element elementor-element-2317c10 elementor-widget elementor-widget-text-editor\" data-id=\"2317c10\" data-element_type=\"widget\" data-e-type=\"widget\" data-widget_type=\"text-editor.default\">\n\t\t\t\t<div class=\"elementor-widget-container\">\n\t\t\t\t\t\t\t\t\t<h5><strong>Personnes \u00e2g\u00e9e de plus de 25 ans :<\/strong><\/h5><p>Revenu de solidarit\u00e9 active RSA <br \/><a href=\"https:\/\/pierre-noblet-dev.tech\/public\/?p=84\"><strong>Voir fiche RSA<\/strong><\/a><\/p>\t\t\t\t\t\t\t\t<\/div>\n\t\t\t\t<\/div>\n\t\t\t\t\t<\/div>\n\t\t<\/div>\n\t\t\t\t<div class=\"elementor-column elementor-col-50 elementor-top-column elementor-element elementor-element-7982fa0\" data-id=\"7982fa0\" data-element_type=\"column\" data-e-type=\"column\">\n\t\t\t<div class=\"elementor-widget-wrap elementor-element-populated\">\n\t\t\t\t\t\t<div class=\"elementor-element elementor-element-9e835ea elementor-widget elementor-widget-text-editor\" data-id=\"9e835ea\" data-element_type=\"widget\" data-e-type=\"widget\" data-widget_type=\"text-editor.default\">\n\t\t\t\t<div class=\"elementor-widget-container\">\n\t\t\t\t\t\t\t\t\t<h5><strong>Jeune de 18 \u00e0 25 ans <span style=\"text-decoration: underline;\">ayant exerc\u00e9 une activit\u00e9<\/span> :<\/strong><\/h5><p>Revenu de solidarit\u00e9 active RSA <br \/><a href=\"https:\/\/pierre-noblet-dev.tech\/public\/?p=84\"><strong>Voir fiche RSA<\/strong><\/a><\/p>\t\t\t\t\t\t\t\t<\/div>\n\t\t\t\t<\/div>\n\t\t\t\t\t<\/div>\n\t\t<\/div>\n\t\t\t\t\t<\/div>\n\t\t<\/section>\n\t\t\t\t<section class=\"elementor-section elementor-top-section elementor-element elementor-element-114db3e elementor-section-boxed elementor-section-height-default elementor-section-height-default\" data-id=\"114db3e\" data-element_type=\"section\" data-e-type=\"section\">\n\t\t\t\t\t\t<div class=\"elementor-container elementor-column-gap-default\">\n\t\t\t\t\t<div class=\"elementor-column elementor-col-50 elementor-top-column elementor-element elementor-element-6f4c78d\" data-id=\"6f4c78d\" data-element_type=\"column\" data-e-type=\"column\">\n\t\t\t<div class=\"elementor-widget-wrap elementor-element-populated\">\n\t\t\t\t\t\t<div class=\"elementor-element elementor-element-4de0597 elementor-widget elementor-widget-text-editor\" data-id=\"4de0597\" data-element_type=\"widget\" data-e-type=\"widget\" data-widget_type=\"text-editor.default\">\n\t\t\t\t<div class=\"elementor-widget-container\">\n\t\t\t\t\t\t\t\t\t<h5><strong>Personne <span style=\"text-decoration: underline;\">enceinte ou qui \u00e0 d\u00e9j\u00e0 au moins un enfant \u00e0 charge<\/span> :<\/strong><\/h5><p>Revenu de solidarit\u00e9 active RSA <br \/><a href=\"https:\/\/pierre-noblet-dev.tech\/public\/?p=84\"><strong>Voir fiche RSA<\/strong><\/a><\/p>\t\t\t\t\t\t\t\t<\/div>\n\t\t\t\t<\/div>\n\t\t\t\t\t<\/div>\n\t\t<\/div>\n\t\t\t\t<div class=\"elementor-column elementor-col-50 elementor-top-column elementor-element elementor-element-9298412\" data-id=\"9298412\" data-element_type=\"column\" data-e-type=\"column\">\n\t\t\t<div class=\"elementor-widget-wrap elementor-element-populated\">\n\t\t\t\t\t\t<div class=\"elementor-element elementor-element-7f21fe4 elementor-widget elementor-widget-text-editor\" data-id=\"7f21fe4\" data-element_type=\"widget\" data-e-type=\"widget\" data-widget_type=\"text-editor.default\">\n\t\t\t\t<div class=\"elementor-widget-container\">\n\t\t\t\t\t\t\t\t\t<h5><strong>Personne, \u00e2g\u00e9e de plus de 18 ans exer\u00e7ant une activit\u00e9 professionnelle et percevant des revenus modestes :<\/strong><\/h5><p>Prime d&rsquo;activit\u00e9<br \/><a href=\"https:\/\/pierre-noblet-dev.tech\/public\/?p=128\"><strong>Voir fiche Prime d&rsquo;activit\u00e9<\/strong><\/a><\/p>\t\t\t\t\t\t\t\t<\/div>\n\t\t\t\t<\/div>\n\t\t\t\t\t<\/div>\n\t\t<\/div>\n\t\t\t\t\t<\/div>\n\t\t<\/section>\n\t\t\t\t<section class=\"elementor-section elementor-top-section elementor-element elementor-element-100e0d0 elementor-section-boxed elementor-section-height-default elementor-section-height-default\" data-id=\"100e0d0\" data-element_type=\"section\" data-e-type=\"section\">\n\t\t\t\t\t\t<div class=\"elementor-container elementor-column-gap-default\">\n\t\t\t\t\t<div class=\"elementor-column elementor-col-50 elementor-top-column elementor-element elementor-element-8ba0f54\" data-id=\"8ba0f54\" data-element_type=\"column\" data-e-type=\"column\">\n\t\t\t<div class=\"elementor-widget-wrap elementor-element-populated\">\n\t\t\t\t\t\t<div class=\"elementor-element elementor-element-02ac5ea elementor-widget elementor-widget-text-editor\" data-id=\"02ac5ea\" data-element_type=\"widget\" data-e-type=\"widget\" data-widget_type=\"text-editor.default\">\n\t\t\t\t<div class=\"elementor-widget-container\">\n\t\t\t\t\t\t\t\t\t<h5><strong>Personne involontairement priv\u00e9e d&#8217;emploi <span style=\"text-decoration: underline;\">pouvant justifier d&rsquo;une p\u00e9riode minimale de travail<\/span> :<\/strong><\/h5><p>Allocation ch\u00f4mage d&rsquo;aide au retour \u00e0 l&#8217;emploi ARE <br \/><a href=\"https:\/\/pierre-noblet-dev.tech\/public\/?p=356\"><strong>Voir fiche ARE<\/strong><\/a><\/p>\t\t\t\t\t\t\t\t<\/div>\n\t\t\t\t<\/div>\n\t\t\t\t\t<\/div>\n\t\t<\/div>\n\t\t\t\t<div class=\"elementor-column elementor-col-50 elementor-top-column elementor-element elementor-element-db34253\" data-id=\"db34253\" data-element_type=\"column\" data-e-type=\"column\">\n\t\t\t<div class=\"elementor-widget-wrap elementor-element-populated\">\n\t\t\t\t\t\t<div class=\"elementor-element elementor-element-661fdd2 elementor-widget elementor-widget-text-editor\" data-id=\"661fdd2\" data-element_type=\"widget\" data-e-type=\"widget\" data-widget_type=\"text-editor.default\">\n\t\t\t\t<div class=\"elementor-widget-container\">\n\t\t\t\t\t\t\t\t\t<h5><strong>Demandeur d&#8217;emploi ne pouvant pas ou plus b\u00e9n\u00e9ficier de l&rsquo;ARE :<\/strong><\/h5><p>Allocation sp\u00e9cifique de solidarit\u00e9<br \/><a href=\"https:\/\/pierre-noblet-dev.tech\/public\/?p=371\"><strong>Voir ASS<\/strong><\/a><\/p>\t\t\t\t\t\t\t\t<\/div>\n\t\t\t\t<\/div>\n\t\t\t\t\t<\/div>\n\t\t<\/div>\n\t\t\t\t\t<\/div>\n\t\t<\/section>\n\t\t\t\t<section class=\"elementor-section elementor-top-section elementor-element elementor-element-1cdd8d3 elementor-section-boxed elementor-section-height-default elementor-section-height-default\" data-id=\"1cdd8d3\" data-element_type=\"section\" data-e-type=\"section\">\n\t\t\t\t\t\t<div class=\"elementor-container elementor-column-gap-default\">\n\t\t\t\t\t<div class=\"elementor-column elementor-col-50 elementor-top-column elementor-element elementor-element-64ccca5\" data-id=\"64ccca5\" data-element_type=\"column\" data-e-type=\"column\">\n\t\t\t<div class=\"elementor-widget-wrap elementor-element-populated\">\n\t\t\t\t\t\t<div class=\"elementor-element elementor-element-e713fc9 elementor-widget elementor-widget-text-editor\" data-id=\"e713fc9\" data-element_type=\"widget\" data-e-type=\"widget\" data-widget_type=\"text-editor.default\">\n\t\t\t\t<div class=\"elementor-widget-container\">\n\t\t\t\t\t\t\t\t\t<h5><strong>Personne retrait\u00e9e ayant de faibles ressources :<\/strong><\/h5><p>Allocation de solidarit\u00e9 aux personnes ag\u00e9es<br \/><a href=\"https:\/\/pierre-noblet-dev.tech\/public\/?p=378\"><strong>Voir fiche ASPA<\/strong><\/a><\/p>\t\t\t\t\t\t\t\t<\/div>\n\t\t\t\t<\/div>\n\t\t\t\t\t<\/div>\n\t\t<\/div>\n\t\t\t\t<div class=\"elementor-column elementor-col-50 elementor-top-column elementor-element elementor-element-aad651e\" data-id=\"aad651e\" data-element_type=\"column\" data-e-type=\"column\">\n\t\t\t<div class=\"elementor-widget-wrap elementor-element-populated\">\n\t\t\t\t\t\t<div class=\"elementor-element elementor-element-8a4b0b6 elementor-widget elementor-widget-text-editor\" data-id=\"8a4b0b6\" data-element_type=\"widget\" data-e-type=\"widget\" data-widget_type=\"text-editor.default\">\n\t\t\t\t<div class=\"elementor-widget-container\">\n\t\t\t\t\t\t\t\t\t<h5><strong>Personne ayant 2 enfants \u00e0 charge de moins de 20 ans :<\/strong><\/h5><p>Allocation familiale<br \/><strong>Voir fiche allocation familiale<\/strong><\/p>\t\t\t\t\t\t\t\t<\/div>\n\t\t\t\t<\/div>\n\t\t\t\t\t<\/div>\n\t\t<\/div>\n\t\t\t\t\t<\/div>\n\t\t<\/section>\n\t\t\t\t<section class=\"elementor-section elementor-top-section elementor-element elementor-element-f004573 elementor-section-boxed elementor-section-height-default elementor-section-height-default\" data-id=\"f004573\" data-element_type=\"section\" data-e-type=\"section\">\n\t\t\t\t\t\t<div class=\"elementor-container elementor-column-gap-default\">\n\t\t\t\t\t<div class=\"elementor-column elementor-col-50 elementor-top-column elementor-element elementor-element-510100a\" data-id=\"510100a\" data-element_type=\"column\" data-e-type=\"column\">\n\t\t\t<div class=\"elementor-widget-wrap elementor-element-populated\">\n\t\t\t\t\t\t<div class=\"elementor-element elementor-element-3d7e863 elementor-widget elementor-widget-text-editor\" data-id=\"3d7e863\" data-element_type=\"widget\" data-e-type=\"widget\" data-widget_type=\"text-editor.default\">\n\t\t\t\t<div class=\"elementor-widget-container\">\n\t\t\t\t\t\t\t\t\t<h5><strong>Demande d&rsquo;allocation simple d&rsquo;aide sociale pour personnes \u00e2g\u00e9es :<\/strong><\/h5><h5><a href=\"https:\/\/pierre-noblet-dev.tech\/public\/?p=1955\"><strong>Voir fiche <\/strong><\/a><\/h5>\t\t\t\t\t\t\t\t<\/div>\n\t\t\t\t<\/div>\n\t\t\t\t\t<\/div>\n\t\t<\/div>\n\t\t\t\t<div class=\"elementor-column elementor-col-50 elementor-top-column elementor-element elementor-element-919fa2f\" data-id=\"919fa2f\" data-element_type=\"column\" data-e-type=\"column\">\n\t\t\t<div class=\"elementor-widget-wrap elementor-element-populated\">\n\t\t\t\t\t\t\t<\/div>\n\t\t<\/div>\n\t\t\t\t\t<\/div>\n\t\t<\/section>\n\t\t\t\t<\/div>\n\t\t","protected":false},"excerpt":{"rendered":"<p>Listes des aides financi\u00e8res et public concern\u00e9 Personnes \u00e2g\u00e9e de plus de 25 ans : Revenu de solidarit\u00e9 active RSA Voir fiche RSA Jeune de 18 \u00e0 25 ans ayant exerc\u00e9 une activit\u00e9 : Revenu de solidarit\u00e9 active RSA Voir fiche RSA Personne enceinte ou qui \u00e0 d\u00e9j\u00e0 au moins un enfant \u00e0 charge : <a class=\"read-more\" href=\"https:\/\/pierre-noblet-dev.tech\/public\/aides-financiere\/\">Read More<\/a><\/p>\n","protected":false},"author":1,"featured_media":0,"parent":0,"menu_order":0,"comment_status":"closed","ping_status":"closed","template":"","meta":{"footnotes":""},"class_list":["post-351","page","type-page","status-publish","hentry"],"_links":{"self":[{"href":"https:\/\/pierre-noblet-dev.tech\/public\/wp-json\/wp\/v2\/pages\/351","targetHints":{"allow":["GET"]}}],"collection":[{"href":"https:\/\/pierre-noblet-dev.tech\/public\/wp-json\/wp\/v2\/pages"}],"about":[{"href":"https:\/\/pierre-noblet-dev.tech\/public\/wp-json\/wp\/v2\/types\/page"}],"author":[{"embeddable":true,"href":"https:\/\/pierre-noblet-dev.tech\/public\/wp-json\/wp\/v2\/users\/1"}],"replies":[{"embeddable":true,"href":"https:\/\/pierre-noblet-dev.tech\/public\/wp-json\/wp\/v2\/comments?post=351"}],"version-history":[{"count":17,"href":"https:\/\/pierre-noblet-dev.tech\/public\/wp-json\/wp\/v2\/pages\/351\/revisions"}],"predecessor-version":[{"id":2655,"href":"https:\/\/pierre-noblet-dev.tech\/public\/wp-json\/wp\/v2\/pages\/351\/revisions\/2655"}],"wp:attachment":[{"href":"https:\/\/pierre-noblet-dev.tech\/public\/wp-json\/wp\/v2\/media?parent=351"}],"curies":[{"name":"wp","href":"https:\/\/api.w.org\/{rel}","templated":true}]}}