{"id":387,"date":"2020-03-09T13:01:12","date_gmt":"2020-03-09T12:01:12","guid":{"rendered":"http:\/\/pierre-noblet-dev.tech\/public\/?page_id=387"},"modified":"2020-03-29T15:47:25","modified_gmt":"2020-03-29T13:47:25","slug":"hebergement-logement","status":"publish","type":"page","link":"https:\/\/pierre-noblet-dev.tech\/public\/hebergement-logement\/","title":{"rendered":"Logement \/ H\u00e9bergement"},"content":{"rendered":"\t\t<div data-elementor-type=\"wp-page\" data-elementor-id=\"387\" class=\"elementor elementor-387\">\n\t\t\t\t\t\t<section class=\"elementor-section elementor-top-section elementor-element elementor-element-57af07b6 elementor-section-boxed elementor-section-height-default elementor-section-height-default\" data-id=\"57af07b6\" data-element_type=\"section\" data-e-type=\"section\">\n\t\t\t\t\t\t<div class=\"elementor-container elementor-column-gap-default\">\n\t\t\t\t\t<div class=\"elementor-column elementor-col-100 elementor-top-column elementor-element elementor-element-459fd3e5\" data-id=\"459fd3e5\" data-element_type=\"column\" data-e-type=\"column\">\n\t\t\t<div class=\"elementor-widget-wrap elementor-element-populated\">\n\t\t\t\t\t\t<div class=\"elementor-element elementor-element-4c92a2f8 elementor-widget elementor-widget-heading\" data-id=\"4c92a2f8\" data-element_type=\"widget\" data-e-type=\"widget\" data-widget_type=\"heading.default\">\n\t\t\t\t<div class=\"elementor-widget-container\">\n\t\t\t\t\t<h2 class=\"elementor-heading-title elementor-size-default\">Listes des aides h\u00e9bergement - logement et public concern\u00e9<\/h2>\t\t\t\t<\/div>\n\t\t\t\t<\/div>\n\t\t\t\t\t<\/div>\n\t\t<\/div>\n\t\t\t\t\t<\/div>\n\t\t<\/section>\n\t\t\t\t<section class=\"elementor-section elementor-top-section elementor-element elementor-element-3d09eac2 elementor-section-boxed elementor-section-height-default elementor-section-height-default\" data-id=\"3d09eac2\" data-element_type=\"section\" data-e-type=\"section\">\n\t\t\t\t\t\t<div class=\"elementor-container elementor-column-gap-default\">\n\t\t\t\t\t<div class=\"elementor-column elementor-col-50 elementor-top-column elementor-element elementor-element-7c17d7ea\" data-id=\"7c17d7ea\" data-element_type=\"column\" data-e-type=\"column\">\n\t\t\t<div class=\"elementor-widget-wrap elementor-element-populated\">\n\t\t\t\t\t\t<div class=\"elementor-element elementor-element-569b503 elementor-widget elementor-widget-text-editor\" data-id=\"569b503\" data-element_type=\"widget\" data-e-type=\"widget\" data-widget_type=\"text-editor.default\">\n\t\t\t\t<div class=\"elementor-widget-container\">\n\t\t\t\t\t\t\t\t\t<h5><strong>Toute personnes sans abri, en situation de d\u00e9tresse m\u00e9dicale, psychique ou sociale :<\/strong><\/h5><p><a href=\"https:\/\/pierre-noblet-dev.tech\/public\/?p=391\" data-wplink-edit=\"true\"><strong>Voir fiche h\u00e9bergement d&rsquo;urgence<br \/><\/strong><\/a><\/p>\t\t\t\t\t\t\t\t<\/div>\n\t\t\t\t<\/div>\n\t\t\t\t\t<\/div>\n\t\t<\/div>\n\t\t\t\t<div class=\"elementor-column elementor-col-50 elementor-top-column elementor-element elementor-element-7b9f85c4\" data-id=\"7b9f85c4\" data-element_type=\"column\" data-e-type=\"column\">\n\t\t\t<div class=\"elementor-widget-wrap elementor-element-populated\">\n\t\t\t\t\t\t<div class=\"elementor-element elementor-element-39bd95e6 elementor-widget elementor-widget-text-editor\" data-id=\"39bd95e6\" data-element_type=\"widget\" data-e-type=\"widget\" data-widget_type=\"text-editor.default\">\n\t\t\t\t<div class=\"elementor-widget-container\">\n\t\t\t\t\t\t\t\t\t<h5><strong>Personne sans h\u00e9bergement connaissant de graves difficult\u00e9s \u00e9conomiques et sociales :<\/strong><\/h5><p><a href=\"https:\/\/pierre-noblet-dev.tech\/public\/?p=397\"><strong>Voir fiche h\u00e9bergement d&rsquo;insertion<\/strong><\/a><\/p>\t\t\t\t\t\t\t\t<\/div>\n\t\t\t\t<\/div>\n\t\t\t\t\t<\/div>\n\t\t<\/div>\n\t\t\t\t\t<\/div>\n\t\t<\/section>\n\t\t\t\t<section class=\"elementor-section elementor-top-section elementor-element elementor-element-7bd5358 elementor-section-boxed elementor-section-height-default elementor-section-height-default\" data-id=\"7bd5358\" data-element_type=\"section\" data-e-type=\"section\">\n\t\t\t\t\t\t<div class=\"elementor-container elementor-column-gap-default\">\n\t\t\t\t\t<div class=\"elementor-column elementor-col-50 elementor-top-column elementor-element elementor-element-844b60f\" data-id=\"844b60f\" data-element_type=\"column\" data-e-type=\"column\">\n\t\t\t<div class=\"elementor-widget-wrap elementor-element-populated\">\n\t\t\t\t\t\t<div class=\"elementor-element elementor-element-4010414 elementor-widget elementor-widget-text-editor\" data-id=\"4010414\" data-element_type=\"widget\" data-e-type=\"widget\" data-widget_type=\"text-editor.default\">\n\t\t\t\t<div class=\"elementor-widget-container\">\n\t\t\t\t\t\t\t\t\t<h5><strong>Personnes sans domicile fixe, sans abri, h\u00e9berg\u00e9es chez un tiers ou vivant \u00e0 l&rsquo;h\u00f4tel :<\/strong><\/h5><p>Droit \u00e0 l&rsquo;hergement opposable<br \/><a href=\"https:\/\/pierre-noblet-dev.tech\/public\/?p=433\"><strong>Voir fiche DAHO<\/strong><\/a><\/p>\t\t\t\t\t\t\t\t<\/div>\n\t\t\t\t<\/div>\n\t\t\t\t\t<\/div>\n\t\t<\/div>\n\t\t\t\t<div class=\"elementor-column elementor-col-50 elementor-top-column elementor-element elementor-element-3f4e841\" data-id=\"3f4e841\" data-element_type=\"column\" data-e-type=\"column\">\n\t\t\t<div class=\"elementor-widget-wrap elementor-element-populated\">\n\t\t\t\t\t\t<div class=\"elementor-element elementor-element-ddac078 elementor-widget elementor-widget-text-editor\" data-id=\"ddac078\" data-element_type=\"widget\" data-e-type=\"widget\" data-widget_type=\"text-editor.default\">\n\t\t\t\t<div class=\"elementor-widget-container\">\n\t\t\t\t\t\t\t\t\t<h5><strong>Personnes sans domicile ou demandeuses d&rsquo;un logement sociale depuis un d\u00e9lai anormalement long ou menac\u00e9es d&rsquo;expulsion sans relogement ou h\u00e9berg\u00e9es dans une structure d&rsquo;h\u00e9bergement etc. :<\/strong><\/h5><p>Droit au logement opposable<br \/><a href=\"https:\/\/pierre-noblet-dev.tech\/public\/?p=445\"><strong>Voir fiche DALO<\/strong><\/a><\/p>\t\t\t\t\t\t\t\t<\/div>\n\t\t\t\t<\/div>\n\t\t\t\t\t<\/div>\n\t\t<\/div>\n\t\t\t\t\t<\/div>\n\t\t<\/section>\n\t\t\t\t<section class=\"elementor-section elementor-top-section elementor-element elementor-element-7fad7c00 elementor-section-boxed elementor-section-height-default elementor-section-height-default\" data-id=\"7fad7c00\" data-element_type=\"section\" data-e-type=\"section\">\n\t\t\t\t\t\t<div class=\"elementor-container elementor-column-gap-default\">\n\t\t\t\t\t<div class=\"elementor-column elementor-col-50 elementor-top-column elementor-element elementor-element-497f569c\" data-id=\"497f569c\" data-element_type=\"column\" data-e-type=\"column\">\n\t\t\t<div class=\"elementor-widget-wrap elementor-element-populated\">\n\t\t\t\t\t\t<div class=\"elementor-element elementor-element-212cf74e elementor-widget elementor-widget-text-editor\" data-id=\"212cf74e\" data-element_type=\"widget\" data-e-type=\"widget\" data-widget_type=\"text-editor.default\">\n\t\t\t\t<div class=\"elementor-widget-container\">\n\t\t\t\t\t\t\t\t\t<h5><strong>Personne en situation r\u00e9guli\u00e8re et r\u00e9sidant de fa\u00e7on stable en France :<\/strong><\/h5><p><a href=\"https:\/\/pierre-noblet-dev.tech\/public\/?p=500\"><strong>Voir fiche logement social<\/strong><\/a><\/p>\t\t\t\t\t\t\t\t<\/div>\n\t\t\t\t<\/div>\n\t\t\t\t\t<\/div>\n\t\t<\/div>\n\t\t\t\t<div class=\"elementor-column elementor-col-50 elementor-top-column elementor-element elementor-element-75ecef2b\" data-id=\"75ecef2b\" data-element_type=\"column\" data-e-type=\"column\">\n\t\t\t<div class=\"elementor-widget-wrap elementor-element-populated\">\n\t\t\t\t\t\t<div class=\"elementor-element elementor-element-56d387c9 elementor-widget elementor-widget-text-editor\" data-id=\"56d387c9\" data-element_type=\"widget\" data-e-type=\"widget\" data-widget_type=\"text-editor.default\">\n\t\t\t\t<div class=\"elementor-widget-container\">\n\t\t\t\t\t\t\t\t\t<h5><strong>Pour les locataires, sous locataires, propri\u00e9taires occupant, personnes h\u00e9berg\u00e9es \u00e0 titre gracieux ou r\u00e9sidents de logement foyer, rencontrant des difficult\u00e9s :<\/strong><\/h5><p>Fond de solidarit\u00e9 pour le logement<br \/><a href=\"https:\/\/pierre-noblet-dev.tech\/public\/?p=492\"><strong>Voir fiche FSL<\/strong><\/a><\/p>\t\t\t\t\t\t\t\t<\/div>\n\t\t\t\t<\/div>\n\t\t\t\t\t<\/div>\n\t\t<\/div>\n\t\t\t\t\t<\/div>\n\t\t<\/section>\n\t\t\t\t<section class=\"elementor-section elementor-top-section elementor-element elementor-element-31bc46a1 elementor-section-boxed elementor-section-height-default elementor-section-height-default\" data-id=\"31bc46a1\" data-element_type=\"section\" data-e-type=\"section\">\n\t\t\t\t\t\t<div class=\"elementor-container elementor-column-gap-default\">\n\t\t\t\t\t<div class=\"elementor-column elementor-col-50 elementor-top-column elementor-element elementor-element-214abe6a\" data-id=\"214abe6a\" data-element_type=\"column\" data-e-type=\"column\">\n\t\t\t<div class=\"elementor-widget-wrap elementor-element-populated\">\n\t\t\t\t\t\t<div class=\"elementor-element elementor-element-7f8c334a elementor-widget elementor-widget-text-editor\" data-id=\"7f8c334a\" data-element_type=\"widget\" data-e-type=\"widget\" data-widget_type=\"text-editor.default\">\n\t\t\t\t<div class=\"elementor-widget-container\">\n\t\t\t\t\t\t\t\t\t<h5><strong>Pour les locataires, sous locataires \u00e2g\u00e9s de moins de 30 ans (d\u00e9clar\u00e9 au propri\u00e9taire), les propri\u00e9taires et r\u00e9sident en foyer :<\/strong><\/h5><p>Allocation Logement<br \/><a href=\"https:\/\/pierre-noblet-dev.tech\/public\/?p=462\"><strong>Voir fiche allocation logement<\/strong><\/a><\/p>\t\t\t\t\t\t\t\t<\/div>\n\t\t\t\t<\/div>\n\t\t\t\t\t<\/div>\n\t\t<\/div>\n\t\t\t\t<div class=\"elementor-column elementor-col-50 elementor-top-column elementor-element elementor-element-8fee422\" data-id=\"8fee422\" data-element_type=\"column\" data-e-type=\"column\">\n\t\t\t<div class=\"elementor-widget-wrap elementor-element-populated\">\n\t\t\t\t\t\t<div class=\"elementor-element elementor-element-707316e6 elementor-widget elementor-widget-text-editor\" data-id=\"707316e6\" data-element_type=\"widget\" data-e-type=\"widget\" data-widget_type=\"text-editor.default\">\n\t\t\t\t<div class=\"elementor-widget-container\">\n\t\t\t\t\t\t\t\t\t<h5><strong>Personne\/m\u00e9nage avec des revenus modestes :<\/strong><\/h5><p>Ch\u00e8que \u00e9nergie<br \/><a href=\"https:\/\/pierre-noblet-dev.tech\/public\/?p=505\"><strong>Voir ch\u00e8que energie<\/strong><\/a><\/p>\t\t\t\t\t\t\t\t<\/div>\n\t\t\t\t<\/div>\n\t\t\t\t\t<\/div>\n\t\t<\/div>\n\t\t\t\t\t<\/div>\n\t\t<\/section>\n\t\t\t\t<section class=\"elementor-section elementor-top-section elementor-element elementor-element-fa894f3 elementor-section-boxed elementor-section-height-default elementor-section-height-default\" data-id=\"fa894f3\" data-element_type=\"section\" data-e-type=\"section\">\n\t\t\t\t\t\t<div class=\"elementor-container elementor-column-gap-default\">\n\t\t\t\t\t<div class=\"elementor-column elementor-col-50 elementor-top-column elementor-element elementor-element-1b62d5f\" data-id=\"1b62d5f\" data-element_type=\"column\" data-e-type=\"column\">\n\t\t\t<div class=\"elementor-widget-wrap elementor-element-populated\">\n\t\t\t\t\t\t<div class=\"elementor-element elementor-element-7cdafae elementor-widget elementor-widget-text-editor\" data-id=\"7cdafae\" data-element_type=\"widget\" data-e-type=\"widget\" data-widget_type=\"text-editor.default\">\n\t\t\t\t<div class=\"elementor-widget-container\">\n\t\t\t\t\t\t\t\t\t<h5><strong>Obtenir une domiciliation administrative:<\/strong><\/h5><p><br \/><a href=\"https:\/\/pierre-noblet-dev.tech\/public\/?p=926\"><strong>Voir fiche domiciliation<\/strong><\/a><\/p>\t\t\t\t\t\t\t\t<\/div>\n\t\t\t\t<\/div>\n\t\t\t\t\t<\/div>\n\t\t<\/div>\n\t\t\t\t<div class=\"elementor-column elementor-col-50 elementor-top-column elementor-element elementor-element-6c114be\" data-id=\"6c114be\" data-element_type=\"column\" data-e-type=\"column\">\n\t\t\t<div class=\"elementor-widget-wrap\">\n\t\t\t\t\t\t\t<\/div>\n\t\t<\/div>\n\t\t\t\t\t<\/div>\n\t\t<\/section>\n\t\t\t\t<\/div>\n\t\t","protected":false},"excerpt":{"rendered":"<p>Listes des aides h\u00e9bergement &#8211; logement et public concern\u00e9 Toute personnes sans abri, en situation de d\u00e9tresse m\u00e9dicale, psychique ou sociale : Voir fiche h\u00e9bergement d&rsquo;urgence Personne sans h\u00e9bergement connaissant de graves difficult\u00e9s \u00e9conomiques et sociales : Voir fiche h\u00e9bergement d&rsquo;insertion Personnes sans domicile fixe, sans abri, h\u00e9berg\u00e9es chez un tiers ou vivant \u00e0 l&rsquo;h\u00f4tel <a class=\"read-more\" href=\"https:\/\/pierre-noblet-dev.tech\/public\/hebergement-logement\/\">Read More<\/a><\/p>\n","protected":false},"author":1,"featured_media":0,"parent":0,"menu_order":0,"comment_status":"closed","ping_status":"closed","template":"","meta":{"footnotes":""},"class_list":["post-387","page","type-page","status-publish","hentry"],"_links":{"self":[{"href":"https:\/\/pierre-noblet-dev.tech\/public\/wp-json\/wp\/v2\/pages\/387","targetHints":{"allow":["GET"]}}],"collection":[{"href":"https:\/\/pierre-noblet-dev.tech\/public\/wp-json\/wp\/v2\/pages"}],"about":[{"href":"https:\/\/pierre-noblet-dev.tech\/public\/wp-json\/wp\/v2\/types\/page"}],"author":[{"embeddable":true,"href":"https:\/\/pierre-noblet-dev.tech\/public\/wp-json\/wp\/v2\/users\/1"}],"replies":[{"embeddable":true,"href":"https:\/\/pierre-noblet-dev.tech\/public\/wp-json\/wp\/v2\/comments?post=387"}],"version-history":[{"count":13,"href":"https:\/\/pierre-noblet-dev.tech\/public\/wp-json\/wp\/v2\/pages\/387\/revisions"}],"predecessor-version":[{"id":1183,"href":"https:\/\/pierre-noblet-dev.tech\/public\/wp-json\/wp\/v2\/pages\/387\/revisions\/1183"}],"wp:attachment":[{"href":"https:\/\/pierre-noblet-dev.tech\/public\/wp-json\/wp\/v2\/media?parent=387"}],"curies":[{"name":"wp","href":"https:\/\/api.w.org\/{rel}","templated":true}]}}