{"id":481,"date":"2020-03-18T17:25:14","date_gmt":"2020-03-18T16:25:14","guid":{"rendered":"http:\/\/pierre-noblet-dev.tech\/public\/?page_id=481"},"modified":"2020-03-18T17:32:16","modified_gmt":"2020-03-18T16:32:16","slug":"nous-rejoindre","status":"publish","type":"page","link":"https:\/\/pierre-noblet-dev.tech\/public\/nous-rejoindre\/","title":{"rendered":"Nous rejoindre"},"content":{"rendered":"\t\t<div data-elementor-type=\"wp-page\" data-elementor-id=\"481\" class=\"elementor elementor-481\">\n\t\t\t\t\t\t<section class=\"elementor-section elementor-top-section elementor-element elementor-element-718f5b81 elementor-section-boxed elementor-section-height-default elementor-section-height-default\" data-id=\"718f5b81\" data-element_type=\"section\" data-e-type=\"section\">\n\t\t\t\t\t\t<div class=\"elementor-container elementor-column-gap-default\">\n\t\t\t\t\t<div class=\"elementor-column elementor-col-100 elementor-top-column elementor-element elementor-element-3e2f016e\" data-id=\"3e2f016e\" data-element_type=\"column\" data-e-type=\"column\">\n\t\t\t<div class=\"elementor-widget-wrap elementor-element-populated\">\n\t\t\t\t\t\t<div class=\"elementor-element elementor-element-12f87bc3 elementor-widget elementor-widget-heading\" data-id=\"12f87bc3\" data-element_type=\"widget\" data-e-type=\"widget\" data-widget_type=\"heading.default\">\n\t\t\t\t<div class=\"elementor-widget-container\">\n\t\t\t\t\t<h2 class=\"elementor-heading-title elementor-size-default\">Nous rejoindre<\/h2>\t\t\t\t<\/div>\n\t\t\t\t<\/div>\n\t\t\t\t<div class=\"elementor-element elementor-element-7983d2be elementor-widget elementor-widget-text-editor\" data-id=\"7983d2be\" data-element_type=\"widget\" data-e-type=\"widget\" data-widget_type=\"text-editor.default\">\n\t\t\t\t<div class=\"elementor-widget-container\">\n\t\t\t\t\t\t\t\t\t<p>Depuis 2012, Montreuil anime un r\u00e9seau d\u2019\u00e9crivains publics \u2013 professionnels et b\u00e9n\u00e9voles \u2013 qui re\u00e7oit aujourd\u2019hui \u00a03000 personnes par an.<\/p><p>Mais dans l\u2019\u00e9galit\u00e9 d\u2019acc\u00e8s aux droits, la Ville, avec et pour ses citoyens, veut aller encore plus loin, en renfor\u00e7ant ses rangs de b\u00e9n\u00e9voles permanents, ou ponctuels en cas d\u2019op\u00e9ration exceptionnelle (d\u00e9marches pour l\u2019obtention du Ch\u00e8que r\u00e9ussite, par exemple).<\/p><p>Cet engagement vous parle ?<\/p><p>En savoir plus en appelant au 01 48 70 67 64, en \u00e9crivant \u00e0<br \/><a>sara.ndao@montreuil.fr<\/a><\/p>\t\t\t\t\t\t\t\t<\/div>\n\t\t\t\t<\/div>\n\t\t\t\t\t<\/div>\n\t\t<\/div>\n\t\t\t\t\t<\/div>\n\t\t<\/section>\n\t\t\t\t<\/div>\n\t\t","protected":false},"excerpt":{"rendered":"<p>Nous rejoindre Depuis 2012, Montreuil anime un r\u00e9seau d\u2019\u00e9crivains publics \u2013 professionnels et b\u00e9n\u00e9voles \u2013 qui re\u00e7oit aujourd\u2019hui \u00a03000 personnes par an. Mais dans l\u2019\u00e9galit\u00e9 d\u2019acc\u00e8s aux droits, la Ville, avec et pour ses citoyens, veut aller encore plus loin, en renfor\u00e7ant ses rangs de b\u00e9n\u00e9voles permanents, ou ponctuels en cas d\u2019op\u00e9ration exceptionnelle (d\u00e9marches pour <a class=\"read-more\" href=\"https:\/\/pierre-noblet-dev.tech\/public\/nous-rejoindre\/\">Read More<\/a><\/p>\n","protected":false},"author":1,"featured_media":0,"parent":0,"menu_order":0,"comment_status":"closed","ping_status":"closed","template":"","meta":{"footnotes":""},"class_list":["post-481","page","type-page","status-publish","hentry"],"_links":{"self":[{"href":"https:\/\/pierre-noblet-dev.tech\/public\/wp-json\/wp\/v2\/pages\/481","targetHints":{"allow":["GET"]}}],"collection":[{"href":"https:\/\/pierre-noblet-dev.tech\/public\/wp-json\/wp\/v2\/pages"}],"about":[{"href":"https:\/\/pierre-noblet-dev.tech\/public\/wp-json\/wp\/v2\/types\/page"}],"author":[{"embeddable":true,"href":"https:\/\/pierre-noblet-dev.tech\/public\/wp-json\/wp\/v2\/users\/1"}],"replies":[{"embeddable":true,"href":"https:\/\/pierre-noblet-dev.tech\/public\/wp-json\/wp\/v2\/comments?post=481"}],"version-history":[{"count":5,"href":"https:\/\/pierre-noblet-dev.tech\/public\/wp-json\/wp\/v2\/pages\/481\/revisions"}],"predecessor-version":[{"id":486,"href":"https:\/\/pierre-noblet-dev.tech\/public\/wp-json\/wp\/v2\/pages\/481\/revisions\/486"}],"wp:attachment":[{"href":"https:\/\/pierre-noblet-dev.tech\/public\/wp-json\/wp\/v2\/media?parent=481"}],"curies":[{"name":"wp","href":"https:\/\/api.w.org\/{rel}","templated":true}]}}