{"id":550,"date":"2020-03-18T23:30:53","date_gmt":"2020-03-18T22:30:53","guid":{"rendered":"http:\/\/pierre-noblet-dev.tech\/public\/?page_id=550"},"modified":"2020-11-19T10:14:28","modified_gmt":"2020-11-19T09:14:28","slug":"handicap","status":"publish","type":"page","link":"https:\/\/pierre-noblet-dev.tech\/public\/handicap\/","title":{"rendered":"Handicap \/ Invalidit\u00e9"},"content":{"rendered":"\t\t<div data-elementor-type=\"wp-page\" data-elementor-id=\"550\" class=\"elementor elementor-550\">\n\t\t\t\t\t\t<section class=\"elementor-section elementor-top-section elementor-element elementor-element-6b220240 elementor-section-boxed elementor-section-height-default elementor-section-height-default\" data-id=\"6b220240\" data-element_type=\"section\" data-e-type=\"section\">\n\t\t\t\t\t\t<div class=\"elementor-container elementor-column-gap-default\">\n\t\t\t\t\t<div class=\"elementor-column elementor-col-100 elementor-top-column elementor-element elementor-element-24424e0e\" data-id=\"24424e0e\" data-element_type=\"column\" data-e-type=\"column\">\n\t\t\t<div class=\"elementor-widget-wrap elementor-element-populated\">\n\t\t\t\t\t\t<div class=\"elementor-element elementor-element-4422afd7 elementor-widget elementor-widget-heading\" data-id=\"4422afd7\" data-element_type=\"widget\" data-e-type=\"widget\" data-widget_type=\"heading.default\">\n\t\t\t\t<div class=\"elementor-widget-container\">\n\t\t\t\t\t<h2 class=\"elementor-heading-title elementor-size-default\">Listes des aides pour les personnes en situation de handicap<\/h2>\t\t\t\t<\/div>\n\t\t\t\t<\/div>\n\t\t\t\t\t<\/div>\n\t\t<\/div>\n\t\t\t\t\t<\/div>\n\t\t<\/section>\n\t\t\t\t<section class=\"elementor-section elementor-top-section elementor-element elementor-element-26f813e3 elementor-section-boxed elementor-section-height-default elementor-section-height-default\" data-id=\"26f813e3\" data-element_type=\"section\" data-e-type=\"section\">\n\t\t\t\t\t\t<div class=\"elementor-container elementor-column-gap-default\">\n\t\t\t\t\t<div class=\"elementor-column elementor-col-50 elementor-top-column elementor-element elementor-element-7869c974\" data-id=\"7869c974\" data-element_type=\"column\" data-e-type=\"column\">\n\t\t\t<div class=\"elementor-widget-wrap elementor-element-populated\">\n\t\t\t\t\t\t<div class=\"elementor-element elementor-element-19797447 elementor-widget elementor-widget-text-editor\" data-id=\"19797447\" data-element_type=\"widget\" data-e-type=\"widget\" data-widget_type=\"text-editor.default\">\n\t\t\t\t<div class=\"elementor-widget-container\">\n\t\t\t\t\t\t\t\t\t<h5><strong>Personne en situation de handicap de 20 \u00e0 60 ans<br \/><\/strong><\/h5><p><a href=\"https:\/\/pierre-noblet-dev.tech\/public\/?p=556\"><strong>Voir fiche Allocation Adulte Handicap\u00e9 (AAH)<br \/><\/strong><\/a><\/p>\t\t\t\t\t\t\t\t<\/div>\n\t\t\t\t<\/div>\n\t\t\t\t\t<\/div>\n\t\t<\/div>\n\t\t\t\t<div class=\"elementor-column elementor-col-50 elementor-top-column elementor-element elementor-element-7d962359\" data-id=\"7d962359\" data-element_type=\"column\" data-e-type=\"column\">\n\t\t\t<div class=\"elementor-widget-wrap elementor-element-populated\">\n\t\t\t\t\t\t<div class=\"elementor-element elementor-element-41d9ee50 elementor-widget elementor-widget-text-editor\" data-id=\"41d9ee50\" data-element_type=\"widget\" data-e-type=\"widget\" data-widget_type=\"text-editor.default\">\n\t\t\t\t<div class=\"elementor-widget-container\">\n\t\t\t\t\t\t\t\t\t<h5><strong>Enfant de moins de 20 ans en situation d&rsquo;handicap :<\/strong><\/h5><p><a href=\"https:\/\/pierre-noblet-dev.tech\/public\/?p=561\"><strong>Voir fiche Allocation d&rsquo;Education de l&rsquo;Enfant Handicap\u00e9 (AEEH)<\/strong><\/a><\/p>\t\t\t\t\t\t\t\t<\/div>\n\t\t\t\t<\/div>\n\t\t\t\t\t<\/div>\n\t\t<\/div>\n\t\t\t\t\t<\/div>\n\t\t<\/section>\n\t\t\t\t<section class=\"elementor-section elementor-top-section elementor-element elementor-element-37ffc87f elementor-section-boxed elementor-section-height-default elementor-section-height-default\" data-id=\"37ffc87f\" data-element_type=\"section\" data-e-type=\"section\">\n\t\t\t\t\t\t<div class=\"elementor-container elementor-column-gap-default\">\n\t\t\t\t\t<div class=\"elementor-column elementor-col-50 elementor-top-column elementor-element elementor-element-4c11bac9\" data-id=\"4c11bac9\" data-element_type=\"column\" data-e-type=\"column\">\n\t\t\t<div class=\"elementor-widget-wrap elementor-element-populated\">\n\t\t\t\t\t\t<div class=\"elementor-element elementor-element-678aad46 elementor-widget elementor-widget-text-editor\" data-id=\"678aad46\" data-element_type=\"widget\" data-e-type=\"widget\" data-widget_type=\"text-editor.default\">\n\t\t\t\t<div class=\"elementor-widget-container\">\n\t\t\t\t\t\t\t\t\t<h5><strong>Personne en situation de handicap de moins de 60 ans<br \/><\/strong><\/h5><p><a href=\"https:\/\/pierre-noblet-dev.tech\/public\/?p=566\"><strong>Voir fiche Prestation compensatoire du Handicap(PCH)<\/strong><\/a><\/p>\t\t\t\t\t\t\t\t<\/div>\n\t\t\t\t<\/div>\n\t\t\t\t\t<\/div>\n\t\t<\/div>\n\t\t\t\t<div class=\"elementor-column elementor-col-50 elementor-top-column elementor-element elementor-element-95aa080\" data-id=\"95aa080\" data-element_type=\"column\" data-e-type=\"column\">\n\t\t\t<div class=\"elementor-widget-wrap elementor-element-populated\">\n\t\t\t\t\t\t<div class=\"elementor-element elementor-element-772310c elementor-widget elementor-widget-text-editor\" data-id=\"772310c\" data-element_type=\"widget\" data-e-type=\"widget\" data-widget_type=\"text-editor.default\">\n\t\t\t\t<div class=\"elementor-widget-container\">\n\t\t\t\t\t\t\t\t\t<h5><strong>Personne en situation de handicap en capacit\u00e9 de travailler, mais dont les facult\u00e9s de trouver un travail ou de conserver un emploi sont r\u00e9duites en raison de son handicap :<br \/><\/strong><\/h5><p><a href=\"https:\/\/pierre-noblet-dev.tech\/public\/?p=571\"><strong>Voir fiche Reconnaissance de la qualit\u00e9 de travailleur handicap\u00e9 (RQTH)<\/strong><\/a><\/p>\t\t\t\t\t\t\t\t<\/div>\n\t\t\t\t<\/div>\n\t\t\t\t\t<\/div>\n\t\t<\/div>\n\t\t\t\t\t<\/div>\n\t\t<\/section>\n\t\t\t\t<\/div>\n\t\t","protected":false},"excerpt":{"rendered":"<p>Listes des aides pour les personnes en situation de handicap Personne en situation de handicap de 20 \u00e0 60 ans Voir fiche Allocation Adulte Handicap\u00e9 (AAH) Enfant de moins de 20 ans en situation d&rsquo;handicap : Voir fiche Allocation d&rsquo;Education de l&rsquo;Enfant Handicap\u00e9 (AEEH) Personne en situation de handicap de moins de 60 ans Voir <a class=\"read-more\" href=\"https:\/\/pierre-noblet-dev.tech\/public\/handicap\/\">Read More<\/a><\/p>\n","protected":false},"author":1,"featured_media":0,"parent":0,"menu_order":0,"comment_status":"closed","ping_status":"closed","template":"","meta":{"footnotes":""},"class_list":["post-550","page","type-page","status-publish","hentry"],"_links":{"self":[{"href":"https:\/\/pierre-noblet-dev.tech\/public\/wp-json\/wp\/v2\/pages\/550","targetHints":{"allow":["GET"]}}],"collection":[{"href":"https:\/\/pierre-noblet-dev.tech\/public\/wp-json\/wp\/v2\/pages"}],"about":[{"href":"https:\/\/pierre-noblet-dev.tech\/public\/wp-json\/wp\/v2\/types\/page"}],"author":[{"embeddable":true,"href":"https:\/\/pierre-noblet-dev.tech\/public\/wp-json\/wp\/v2\/users\/1"}],"replies":[{"embeddable":true,"href":"https:\/\/pierre-noblet-dev.tech\/public\/wp-json\/wp\/v2\/comments?post=550"}],"version-history":[{"count":16,"href":"https:\/\/pierre-noblet-dev.tech\/public\/wp-json\/wp\/v2\/pages\/550\/revisions"}],"predecessor-version":[{"id":2313,"href":"https:\/\/pierre-noblet-dev.tech\/public\/wp-json\/wp\/v2\/pages\/550\/revisions\/2313"}],"wp:attachment":[{"href":"https:\/\/pierre-noblet-dev.tech\/public\/wp-json\/wp\/v2\/media?parent=550"}],"curies":[{"name":"wp","href":"https:\/\/api.w.org\/{rel}","templated":true}]}}