{"id":581,"date":"2020-03-22T18:48:11","date_gmt":"2020-03-22T17:48:11","guid":{"rendered":"http:\/\/pierre-noblet-dev.tech\/public\/?page_id=581"},"modified":"2020-11-19T10:14:34","modified_gmt":"2020-11-19T09:14:34","slug":"personnes-agees","status":"publish","type":"page","link":"https:\/\/pierre-noblet-dev.tech\/public\/personnes-agees\/","title":{"rendered":"Personnes \u00e2g\u00e9es"},"content":{"rendered":"\t\t<div data-elementor-type=\"wp-page\" data-elementor-id=\"581\" class=\"elementor elementor-581\">\n\t\t\t\t\t\t<section class=\"elementor-section elementor-top-section elementor-element elementor-element-65b964fc elementor-section-boxed elementor-section-height-default elementor-section-height-default\" data-id=\"65b964fc\" data-element_type=\"section\" data-e-type=\"section\">\n\t\t\t\t\t\t<div class=\"elementor-container elementor-column-gap-default\">\n\t\t\t\t\t<div class=\"elementor-column elementor-col-100 elementor-top-column elementor-element elementor-element-16bfd4c1\" data-id=\"16bfd4c1\" data-element_type=\"column\" data-e-type=\"column\">\n\t\t\t<div class=\"elementor-widget-wrap elementor-element-populated\">\n\t\t\t\t\t\t<div class=\"elementor-element elementor-element-4e1e4d6f elementor-widget elementor-widget-heading\" data-id=\"4e1e4d6f\" data-element_type=\"widget\" data-e-type=\"widget\" data-widget_type=\"heading.default\">\n\t\t\t\t<div class=\"elementor-widget-container\">\n\t\t\t\t\t<h2 class=\"elementor-heading-title elementor-size-default\">Listes des aides personnes \u00e2g\u00e9es<\/h2>\t\t\t\t<\/div>\n\t\t\t\t<\/div>\n\t\t\t\t\t<\/div>\n\t\t<\/div>\n\t\t\t\t\t<\/div>\n\t\t<\/section>\n\t\t\t\t<section class=\"elementor-section elementor-top-section elementor-element elementor-element-1c3d7776 elementor-section-boxed elementor-section-height-default elementor-section-height-default\" data-id=\"1c3d7776\" data-element_type=\"section\" data-e-type=\"section\">\n\t\t\t\t\t\t<div class=\"elementor-container elementor-column-gap-default\">\n\t\t\t\t\t<div class=\"elementor-column elementor-col-50 elementor-top-column elementor-element elementor-element-37f2dd04\" data-id=\"37f2dd04\" data-element_type=\"column\" data-e-type=\"column\">\n\t\t\t<div class=\"elementor-widget-wrap elementor-element-populated\">\n\t\t\t\t\t\t<div class=\"elementor-element elementor-element-5510caa8 elementor-widget elementor-widget-text-editor\" data-id=\"5510caa8\" data-element_type=\"widget\" data-e-type=\"widget\" data-widget_type=\"text-editor.default\">\n\t\t\t\t<div class=\"elementor-widget-container\">\n\t\t\t\t\t\t\t\t\t<h5><strong>Personne \u00e2g\u00e9e de 60 ans et plus en perte d&rsquo;autonomie :<\/strong><\/h5><p><a href=\"https:\/\/pierre-noblet-dev.tech\/public\/apa-allocation-personnalisee-dautonomie\/\"><strong>Voir fiche Allocation Personnalis\u00e9e d&rsquo;Autonomie (APA)<br \/><\/strong><\/a><\/p>\t\t\t\t\t\t\t\t<\/div>\n\t\t\t\t<\/div>\n\t\t\t\t\t<\/div>\n\t\t<\/div>\n\t\t\t\t<div class=\"elementor-column elementor-col-50 elementor-top-column elementor-element elementor-element-5a8e1c11\" data-id=\"5a8e1c11\" data-element_type=\"column\" data-e-type=\"column\">\n\t\t\t<div class=\"elementor-widget-wrap elementor-element-populated\">\n\t\t\t\t\t\t<div class=\"elementor-element elementor-element-4939c4b3 elementor-widget elementor-widget-text-editor\" data-id=\"4939c4b3\" data-element_type=\"widget\" data-e-type=\"widget\" data-widget_type=\"text-editor.default\">\n\t\t\t\t<div class=\"elementor-widget-container\">\n\t\t\t\t\t\t\t\t\t<h5><strong>Personne \u00e2g\u00e9e de 65 ans et plus, ou \u00e0 partir de 60 ans pour une personne reconnue inapte au travail, ne pouvant percevant pas de retraite ou touchant de faibles revenus :<\/strong><\/h5><p><a href=\"https:\/\/pierre-noblet-dev.tech\/public\/allocation-simple-daide-sociale-pour-personnes-agees\/\"><strong>Voir fiche Allocation simple pour personne \u00e2g\u00e8es<\/strong><\/a><\/p>\t\t\t\t\t\t\t\t<\/div>\n\t\t\t\t<\/div>\n\t\t\t\t\t<\/div>\n\t\t<\/div>\n\t\t\t\t\t<\/div>\n\t\t<\/section>\n\t\t\t\t<section class=\"elementor-section elementor-top-section elementor-element elementor-element-6dcb9e76 elementor-section-boxed elementor-section-height-default elementor-section-height-default\" data-id=\"6dcb9e76\" data-element_type=\"section\" data-e-type=\"section\">\n\t\t\t\t\t\t<div class=\"elementor-container elementor-column-gap-default\">\n\t\t\t\t\t<div class=\"elementor-column elementor-col-50 elementor-top-column elementor-element elementor-element-dc15ba\" data-id=\"dc15ba\" data-element_type=\"column\" data-e-type=\"column\">\n\t\t\t<div class=\"elementor-widget-wrap elementor-element-populated\">\n\t\t\t\t\t\t<div class=\"elementor-element elementor-element-39affc53 elementor-widget elementor-widget-text-editor\" data-id=\"39affc53\" data-element_type=\"widget\" data-e-type=\"widget\" data-widget_type=\"text-editor.default\">\n\t\t\t\t<div class=\"elementor-widget-container\">\n\t\t\t\t\t\t\t\t\t<h5><strong>Personne \u00e2g\u00e9e de 65 ans et plus, ou \u00e0 partir de 60 ans pour une personne reconnue inapte au travail, ayant des difficult\u00e9s pour accomplir les principales t\u00e2ches m\u00e9nag\u00e8res<\/strong><strong> :<\/strong><\/h5><p><a href=\"https:\/\/pierre-noblet-dev.tech\/public\/allocation-pour-une-aide-menagere-a-domicile\/\"><strong>Voir fiche Allocation pour une aide-m\u00e9nag\u00e8re \u00e0 domicile<\/strong><\/a><\/p>\t\t\t\t\t\t\t\t<\/div>\n\t\t\t\t<\/div>\n\t\t\t\t\t<\/div>\n\t\t<\/div>\n\t\t\t\t<div class=\"elementor-column elementor-col-50 elementor-top-column elementor-element elementor-element-539516aa\" data-id=\"539516aa\" data-element_type=\"column\" data-e-type=\"column\">\n\t\t\t<div class=\"elementor-widget-wrap elementor-element-populated\">\n\t\t\t\t\t\t<div class=\"elementor-element elementor-element-7097fb19 elementor-widget elementor-widget-text-editor\" data-id=\"7097fb19\" data-element_type=\"widget\" data-e-type=\"widget\" data-widget_type=\"text-editor.default\">\n\t\t\t\t<div class=\"elementor-widget-container\">\n\t\t\t\t\t\t\t\t\t<h5><strong>Principaux sites :<\/strong><\/h5><ul><li><a href=\"https:\/\/www.pour-les-personnes-agees.gouv.fr\" target=\"_blank\" rel=\"noopener\">https:\/\/www.pour-les-personnes-agees.gouv.fr<\/a><\/li><li><a href=\"https:\/\/www.lassuranceretraite.fr\" target=\"_blank\" rel=\"noopener\">https:\/\/www.lassuranceretraite.fr<\/a><\/li><li><a href=\"https:\/\/demarchesadministratives.fr\/demarches\/demander-lallocation-simple-daide-sociale-pour-personnes-agees\" target=\"_blank\" rel=\"noopener\">https:\/\/demarchesadministratives.fr\/demarches\/demander-lallocation-simple-daide-sociale-pour-personnes-agees<\/a><\/li><\/ul>\t\t\t\t\t\t\t\t<\/div>\n\t\t\t\t<\/div>\n\t\t\t\t\t<\/div>\n\t\t<\/div>\n\t\t\t\t\t<\/div>\n\t\t<\/section>\n\t\t\t\t<\/div>\n\t\t","protected":false},"excerpt":{"rendered":"<p>Listes des aides personnes \u00e2g\u00e9es Personne \u00e2g\u00e9e de 60 ans et plus en perte d&rsquo;autonomie : Voir fiche Allocation Personnalis\u00e9e d&rsquo;Autonomie (APA) Personne \u00e2g\u00e9e de 65 ans et plus, ou \u00e0 partir de 60 ans pour une personne reconnue inapte au travail, ne pouvant percevant pas de retraite ou touchant de faibles revenus : Voir <a class=\"read-more\" href=\"https:\/\/pierre-noblet-dev.tech\/public\/personnes-agees\/\">Read More<\/a><\/p>\n","protected":false},"author":1,"featured_media":0,"parent":0,"menu_order":0,"comment_status":"closed","ping_status":"closed","template":"","meta":{"footnotes":""},"class_list":["post-581","page","type-page","status-publish","hentry"],"_links":{"self":[{"href":"https:\/\/pierre-noblet-dev.tech\/public\/wp-json\/wp\/v2\/pages\/581","targetHints":{"allow":["GET"]}}],"collection":[{"href":"https:\/\/pierre-noblet-dev.tech\/public\/wp-json\/wp\/v2\/pages"}],"about":[{"href":"https:\/\/pierre-noblet-dev.tech\/public\/wp-json\/wp\/v2\/types\/page"}],"author":[{"embeddable":true,"href":"https:\/\/pierre-noblet-dev.tech\/public\/wp-json\/wp\/v2\/users\/1"}],"replies":[{"embeddable":true,"href":"https:\/\/pierre-noblet-dev.tech\/public\/wp-json\/wp\/v2\/comments?post=581"}],"version-history":[{"count":13,"href":"https:\/\/pierre-noblet-dev.tech\/public\/wp-json\/wp\/v2\/pages\/581\/revisions"}],"predecessor-version":[{"id":2314,"href":"https:\/\/pierre-noblet-dev.tech\/public\/wp-json\/wp\/v2\/pages\/581\/revisions\/2314"}],"wp:attachment":[{"href":"https:\/\/pierre-noblet-dev.tech\/public\/wp-json\/wp\/v2\/media?parent=581"}],"curies":[{"name":"wp","href":"https:\/\/api.w.org\/{rel}","templated":true}]}}