{"id":681,"date":"2020-03-24T10:53:09","date_gmt":"2020-03-24T09:53:09","guid":{"rendered":"http:\/\/pierre-noblet-dev.tech\/public\/?page_id=681"},"modified":"2020-11-16T14:29:18","modified_gmt":"2020-11-16T13:29:18","slug":"acces-aux-droits","status":"publish","type":"page","link":"https:\/\/pierre-noblet-dev.tech\/public\/acces-aux-droits\/","title":{"rendered":"Acc\u00e8s aux droits"},"content":{"rendered":"\t\t<div data-elementor-type=\"wp-page\" data-elementor-id=\"681\" class=\"elementor elementor-681\">\n\t\t\t\t\t\t<section class=\"elementor-section elementor-top-section elementor-element elementor-element-1191982 elementor-section-boxed elementor-section-height-default elementor-section-height-default\" data-id=\"1191982\" data-element_type=\"section\" data-e-type=\"section\">\n\t\t\t\t\t\t<div class=\"elementor-container elementor-column-gap-default\">\n\t\t\t\t\t<div class=\"elementor-column elementor-col-100 elementor-top-column elementor-element elementor-element-0a9eff7\" data-id=\"0a9eff7\" data-element_type=\"column\" data-e-type=\"column\">\n\t\t\t<div class=\"elementor-widget-wrap elementor-element-populated\">\n\t\t\t\t\t\t<div class=\"elementor-element elementor-element-bdf5cf1 elementor-widget elementor-widget-heading\" data-id=\"bdf5cf1\" data-element_type=\"widget\" data-e-type=\"widget\" data-widget_type=\"heading.default\">\n\t\t\t\t<div class=\"elementor-widget-container\">\n\t\t\t\t\t<h2 class=\"elementor-heading-title elementor-size-default\">Fiches Acc\u00e8s aux droits<\/h2>\t\t\t\t<\/div>\n\t\t\t\t<\/div>\n\t\t\t\t\t<\/div>\n\t\t<\/div>\n\t\t\t\t\t<\/div>\n\t\t<\/section>\n\t\t\t\t<section class=\"elementor-section elementor-top-section elementor-element elementor-element-eab0387 elementor-section-boxed elementor-section-height-default elementor-section-height-default\" data-id=\"eab0387\" data-element_type=\"section\" data-e-type=\"section\">\n\t\t\t\t\t\t<div class=\"elementor-container elementor-column-gap-default\">\n\t\t\t\t\t<div class=\"elementor-column elementor-col-100 elementor-top-column elementor-element elementor-element-e711710\" data-id=\"e711710\" data-element_type=\"column\" data-e-type=\"column\">\n\t\t\t<div class=\"elementor-widget-wrap elementor-element-populated\">\n\t\t\t\t\t\t<section class=\"elementor-section elementor-inner-section elementor-element elementor-element-3a8bf81c elementor-section-boxed elementor-section-height-default elementor-section-height-default\" data-id=\"3a8bf81c\" data-element_type=\"section\" data-e-type=\"section\">\n\t\t\t\t\t\t<div class=\"elementor-container elementor-column-gap-wider\">\n\t\t\t\t\t<div class=\"elementor-column elementor-col-50 elementor-inner-column elementor-element elementor-element-5d183973\" data-id=\"5d183973\" data-element_type=\"column\" data-e-type=\"column\" data-settings=\"{&quot;background_background&quot;:&quot;classic&quot;}\">\n\t\t\t<div class=\"elementor-widget-wrap elementor-element-populated\">\n\t\t\t\t\t\t<div class=\"elementor-element elementor-element-67183704 elementor-view-framed elementor-shape-circle elementor-widget elementor-widget-icon\" data-id=\"67183704\" data-element_type=\"widget\" data-e-type=\"widget\" data-widget_type=\"icon.default\">\n\t\t\t\t<div class=\"elementor-widget-container\">\n\t\t\t\t\t\t\t<div class=\"elementor-icon-wrapper\">\n\t\t\t<a class=\"elementor-icon elementor-animation-pop\" href=\"https:\/\/pierre-noblet-dev.tech\/public\/?page_id=351\">\n\t\t\t<i aria-hidden=\"true\" class=\"fas fa-money-bill-wave\"><\/i>\t\t\t<\/a>\n\t\t<\/div>\n\t\t\t\t\t\t<\/div>\n\t\t\t\t<\/div>\n\t\t\t\t<div class=\"elementor-element elementor-element-35bd75d6 elementor-widget elementor-widget-heading\" data-id=\"35bd75d6\" data-element_type=\"widget\" data-e-type=\"widget\" data-widget_type=\"heading.default\">\n\t\t\t\t<div class=\"elementor-widget-container\">\n\t\t\t\t\t<h3 class=\"elementor-heading-title elementor-size-xl\"><a href=\"https:\/\/pierre-noblet-dev.tech\/public\/?page_id=351\">Aides Financi\u00e8res<\/a><\/h3>\t\t\t\t<\/div>\n\t\t\t\t<\/div>\n\t\t\t\t<div class=\"elementor-element elementor-element-6c6dbb7 elementor-widget elementor-widget-text-editor\" data-id=\"6c6dbb7\" data-element_type=\"widget\" data-e-type=\"widget\" data-widget_type=\"text-editor.default\">\n\t\t\t\t<div class=\"elementor-widget-container\">\n\t\t\t\t\t\t\t\t\t<ul><li><a href=\"https:\/\/pierre-noblet-dev.tech\/public\/?p=84\">RSA &#8211; Revenu de Solidarit\u00e9 Active<\/a><\/li><li><a href=\"https:\/\/pierre-noblet-dev.tech\/public\/?p=371\">ASS &#8211; Allocation de solidarit\u00e9 sp\u00e9cifique<\/a><\/li><li><a href=\"https:\/\/pierre-noblet-dev.tech\/public\/?p=356\">ARE &#8211; Allocation de ch\u00f4mage d&rsquo;aide au Retour \u00e0 l&#8217;emploi<\/a><\/li><li><a href=\"https:\/\/pierre-noblet-dev.tech\/public\/?p=378\">ASPA &#8211; Allocation de Solidarit\u00e9 aux Personnes \u00c2g\u00e9es<\/a><\/li><li><a href=\"https:\/\/pierre-noblet-dev.tech\/public\/?p=128\">Prime d&rsquo;Activit\u00e9<\/a><\/li><li>\u00a0<a href=\"https:\/\/pierre-noblet-dev.tech\/public\/?p=505\">Ch\u00e8que \u00c9nergie<\/a><\/li><\/ul>\t\t\t\t\t\t\t\t<\/div>\n\t\t\t\t<\/div>\n\t\t\t\t\t<\/div>\n\t\t<\/div>\n\t\t\t\t<div class=\"elementor-column elementor-col-50 elementor-inner-column elementor-element elementor-element-5016788\" data-id=\"5016788\" data-element_type=\"column\" data-e-type=\"column\" data-settings=\"{&quot;background_background&quot;:&quot;classic&quot;}\">\n\t\t\t<div class=\"elementor-widget-wrap elementor-element-populated\">\n\t\t\t\t\t\t<div class=\"elementor-element elementor-element-c5424db elementor-view-framed elementor-shape-circle elementor-widget elementor-widget-icon\" data-id=\"c5424db\" data-element_type=\"widget\" data-e-type=\"widget\" data-widget_type=\"icon.default\">\n\t\t\t\t<div class=\"elementor-widget-container\">\n\t\t\t\t\t\t\t<div class=\"elementor-icon-wrapper\">\n\t\t\t<a class=\"elementor-icon elementor-animation-pop\" href=\"https:\/\/pierre-noblet-dev.tech\/public\/?page_id=387\">\n\t\t\t<i aria-hidden=\"true\" class=\"fas fa-house-damage\"><\/i>\t\t\t<\/a>\n\t\t<\/div>\n\t\t\t\t\t\t<\/div>\n\t\t\t\t<\/div>\n\t\t\t\t<div class=\"elementor-element elementor-element-a6a4da8 elementor-widget elementor-widget-heading\" data-id=\"a6a4da8\" data-element_type=\"widget\" data-e-type=\"widget\" data-widget_type=\"heading.default\">\n\t\t\t\t<div class=\"elementor-widget-container\">\n\t\t\t\t\t<h3 class=\"elementor-heading-title elementor-size-xl\"><a href=\"https:\/\/pierre-noblet-dev.tech\/public\/?page_id=387\">H\u00e9bergement<\/a><\/h3>\t\t\t\t<\/div>\n\t\t\t\t<\/div>\n\t\t\t\t<div class=\"elementor-element elementor-element-c68007f elementor-widget elementor-widget-text-editor\" data-id=\"c68007f\" data-element_type=\"widget\" data-e-type=\"widget\" data-widget_type=\"text-editor.default\">\n\t\t\t\t<div class=\"elementor-widget-container\">\n\t\t\t\t\t\t\t\t\t<ul><li><a href=\"https:\/\/pierre-noblet-dev.tech\/public\/?p=433\">DAHO &#8211; Droit A l&rsquo;H\u00e9bergement Opposable<\/a><\/li><li><a href=\"https:\/\/pierre-noblet-dev.tech\/public\/?p=445\">DALO &#8211; Droit Au Logement Opposable<\/a><\/li><li><a href=\"https:\/\/pierre-noblet-dev.tech\/public\/?p=492\">FSL &#8211; Fond de Solidarit\u00e9 au Logement<\/a><\/li><li><a href=\"https:\/\/pierre-noblet-dev.tech\/public\/?p=391\">H\u00e9bergement d&rsquo;urgence<\/a><\/li><li><a href=\"https:\/\/pierre-noblet-dev.tech\/public\/?p=397\">H\u00e9bergement d&rsquo; insertion<\/a><\/li><li><a href=\"https:\/\/pierre-noblet-dev.tech\/public\/?p=500\">Logement Social<\/a><\/li><\/ul>\t\t\t\t\t\t\t\t<\/div>\n\t\t\t\t<\/div>\n\t\t\t\t\t<\/div>\n\t\t<\/div>\n\t\t\t\t\t<\/div>\n\t\t<\/section>\n\t\t\t\t\t<\/div>\n\t\t<\/div>\n\t\t\t\t\t<\/div>\n\t\t<\/section>\n\t\t\t\t<section class=\"elementor-section elementor-top-section elementor-element elementor-element-187247f elementor-section-boxed elementor-section-height-default elementor-section-height-default\" data-id=\"187247f\" data-element_type=\"section\" data-e-type=\"section\">\n\t\t\t\t\t\t<div class=\"elementor-container elementor-column-gap-default\">\n\t\t\t\t\t<div class=\"elementor-column elementor-col-100 elementor-top-column elementor-element elementor-element-dc0d449\" data-id=\"dc0d449\" data-element_type=\"column\" data-e-type=\"column\">\n\t\t\t<div class=\"elementor-widget-wrap elementor-element-populated\">\n\t\t\t\t\t\t<section class=\"elementor-section elementor-inner-section elementor-element elementor-element-cd25664 elementor-section-boxed elementor-section-height-default elementor-section-height-default\" data-id=\"cd25664\" data-element_type=\"section\" data-e-type=\"section\">\n\t\t\t\t\t\t<div class=\"elementor-container elementor-column-gap-wider\">\n\t\t\t\t\t<div class=\"elementor-column elementor-col-50 elementor-inner-column elementor-element elementor-element-7acc674\" data-id=\"7acc674\" data-element_type=\"column\" data-e-type=\"column\" data-settings=\"{&quot;background_background&quot;:&quot;classic&quot;}\">\n\t\t\t<div class=\"elementor-widget-wrap elementor-element-populated\">\n\t\t\t\t\t\t<div class=\"elementor-element elementor-element-839f20f elementor-view-framed elementor-shape-circle elementor-widget elementor-widget-icon\" data-id=\"839f20f\" data-element_type=\"widget\" data-e-type=\"widget\" data-widget_type=\"icon.default\">\n\t\t\t\t<div class=\"elementor-widget-container\">\n\t\t\t\t\t\t\t<div class=\"elementor-icon-wrapper\">\n\t\t\t<a class=\"elementor-icon elementor-animation-pop\" href=\"https:\/\/pierre-noblet-dev.tech\/public\/?page_id=513\">\n\t\t\t<i aria-hidden=\"true\" class=\"fas fa-heartbeat\"><\/i>\t\t\t<\/a>\n\t\t<\/div>\n\t\t\t\t\t\t<\/div>\n\t\t\t\t<\/div>\n\t\t\t\t<div class=\"elementor-element elementor-element-4aaf844 elementor-widget elementor-widget-heading\" data-id=\"4aaf844\" data-element_type=\"widget\" data-e-type=\"widget\" data-widget_type=\"heading.default\">\n\t\t\t\t<div class=\"elementor-widget-container\">\n\t\t\t\t\t<h3 class=\"elementor-heading-title elementor-size-xl\"><a href=\"https:\/\/pierre-noblet-dev.tech\/public\/?page_id=513\">Sant\u00e9<\/a><\/h3>\t\t\t\t<\/div>\n\t\t\t\t<\/div>\n\t\t\t\t<div class=\"elementor-element elementor-element-439fbb2 elementor-widget elementor-widget-text-editor\" data-id=\"439fbb2\" data-element_type=\"widget\" data-e-type=\"widget\" data-widget_type=\"text-editor.default\">\n\t\t\t\t<div class=\"elementor-widget-container\">\n\t\t\t\t\t\t\t\t\t<ul><li><a href=\"https:\/\/pierre-noblet-dev.tech\/public\/?p=531\">AME &#8211; Aide M\u00e9dicale d&rsquo;Etat<\/a><\/li><li><a href=\"https:\/\/pierre-noblet-dev.tech\/public\/?p=518\">PUMa &#8211; Protection Universelle Maladie<\/a><\/li><li><a href=\"https:\/\/pierre-noblet-dev.tech\/public\/?p=524\">CSS &#8211; Compl\u00e9mentaire Sant\u00e9 Solidaire<\/a><\/li><\/ul>\t\t\t\t\t\t\t\t<\/div>\n\t\t\t\t<\/div>\n\t\t\t\t\t<\/div>\n\t\t<\/div>\n\t\t\t\t<div class=\"elementor-column elementor-col-50 elementor-inner-column elementor-element elementor-element-d821bca\" data-id=\"d821bca\" data-element_type=\"column\" data-e-type=\"column\" data-settings=\"{&quot;background_background&quot;:&quot;classic&quot;}\">\n\t\t\t<div class=\"elementor-widget-wrap elementor-element-populated\">\n\t\t\t\t\t\t<div class=\"elementor-element elementor-element-448077f elementor-view-framed elementor-shape-circle elementor-widget elementor-widget-icon\" data-id=\"448077f\" data-element_type=\"widget\" data-e-type=\"widget\" data-widget_type=\"icon.default\">\n\t\t\t\t<div class=\"elementor-widget-container\">\n\t\t\t\t\t\t\t<div class=\"elementor-icon-wrapper\">\n\t\t\t<a class=\"elementor-icon elementor-animation-pop\" href=\"https:\/\/pierre-noblet-dev.tech\/public\/?page_id=539\">\n\t\t\t<i aria-hidden=\"true\" class=\"fas fa-balance-scale\"><\/i>\t\t\t<\/a>\n\t\t<\/div>\n\t\t\t\t\t\t<\/div>\n\t\t\t\t<\/div>\n\t\t\t\t<div class=\"elementor-element elementor-element-971077b elementor-widget elementor-widget-heading\" data-id=\"971077b\" data-element_type=\"widget\" data-e-type=\"widget\" data-widget_type=\"heading.default\">\n\t\t\t\t<div class=\"elementor-widget-container\">\n\t\t\t\t\t<h3 class=\"elementor-heading-title elementor-size-xl\"><a href=\"https:\/\/pierre-noblet-dev.tech\/public\/?page_id=539\">Justice<\/a><\/h3>\t\t\t\t<\/div>\n\t\t\t\t<\/div>\n\t\t\t\t<div class=\"elementor-element elementor-element-3ef79b0 elementor-widget elementor-widget-text-editor\" data-id=\"3ef79b0\" data-element_type=\"widget\" data-e-type=\"widget\" data-widget_type=\"text-editor.default\">\n\t\t\t\t<div class=\"elementor-widget-container\">\n\t\t\t\t\t\t\t\t\t<ul><li><a href=\"https:\/\/pierre-noblet-dev.tech\/public\/?p=543\">AJ &#8211; Aide Juridictionnelle<\/a><\/li><\/ul>\t\t\t\t\t\t\t\t<\/div>\n\t\t\t\t<\/div>\n\t\t\t\t\t<\/div>\n\t\t<\/div>\n\t\t\t\t\t<\/div>\n\t\t<\/section>\n\t\t\t\t\t<\/div>\n\t\t<\/div>\n\t\t\t\t\t<\/div>\n\t\t<\/section>\n\t\t\t\t<section class=\"elementor-section elementor-top-section elementor-element elementor-element-8f9dbd5 elementor-section-boxed elementor-section-height-default elementor-section-height-default\" data-id=\"8f9dbd5\" data-element_type=\"section\" data-e-type=\"section\">\n\t\t\t\t\t\t<div class=\"elementor-container elementor-column-gap-default\">\n\t\t\t\t\t<div class=\"elementor-column elementor-col-100 elementor-top-column elementor-element elementor-element-47de1be\" data-id=\"47de1be\" data-element_type=\"column\" data-e-type=\"column\">\n\t\t\t<div class=\"elementor-widget-wrap elementor-element-populated\">\n\t\t\t\t\t\t<section class=\"elementor-section elementor-inner-section elementor-element elementor-element-9e4cb35 elementor-section-boxed elementor-section-height-default elementor-section-height-default\" data-id=\"9e4cb35\" data-element_type=\"section\" data-e-type=\"section\">\n\t\t\t\t\t\t<div class=\"elementor-container elementor-column-gap-wider\">\n\t\t\t\t\t<div class=\"elementor-column elementor-col-50 elementor-inner-column elementor-element elementor-element-604fff2\" data-id=\"604fff2\" data-element_type=\"column\" data-e-type=\"column\" data-settings=\"{&quot;background_background&quot;:&quot;classic&quot;}\">\n\t\t\t<div class=\"elementor-widget-wrap elementor-element-populated\">\n\t\t\t\t\t\t<div class=\"elementor-element elementor-element-20638fa elementor-view-framed elementor-shape-circle elementor-widget elementor-widget-icon\" data-id=\"20638fa\" data-element_type=\"widget\" data-e-type=\"widget\" data-widget_type=\"icon.default\">\n\t\t\t\t<div class=\"elementor-widget-container\">\n\t\t\t\t\t\t\t<div class=\"elementor-icon-wrapper\">\n\t\t\t<a class=\"elementor-icon elementor-animation-pop\" href=\"https:\/\/pierre-noblet-dev.tech\/public\/?page_id=550\">\n\t\t\t<i aria-hidden=\"true\" class=\"fas fa-wheelchair\"><\/i>\t\t\t<\/a>\n\t\t<\/div>\n\t\t\t\t\t\t<\/div>\n\t\t\t\t<\/div>\n\t\t\t\t<div class=\"elementor-element elementor-element-96c48cf elementor-widget elementor-widget-heading\" data-id=\"96c48cf\" data-element_type=\"widget\" data-e-type=\"widget\" data-widget_type=\"heading.default\">\n\t\t\t\t<div class=\"elementor-widget-container\">\n\t\t\t\t\t<h3 class=\"elementor-heading-title elementor-size-xl\"><a href=\"https:\/\/pierre-noblet-dev.tech\/public\/?page_id=550\">Handicap<\/a><\/h3>\t\t\t\t<\/div>\n\t\t\t\t<\/div>\n\t\t\t\t<div class=\"elementor-element elementor-element-16dfc78 elementor-widget elementor-widget-text-editor\" data-id=\"16dfc78\" data-element_type=\"widget\" data-e-type=\"widget\" data-widget_type=\"text-editor.default\">\n\t\t\t\t<div class=\"elementor-widget-container\">\n\t\t\t\t\t\t\t\t\t<ul><li><a href=\"https:\/\/pierre-noblet-dev.tech\/public\/?p=556\">AAH &#8211; Allocation Adulte Handicap\u00e9<\/a><\/li><li><a href=\"https:\/\/pierre-noblet-dev.tech\/public\/?p=561\">AEEH &#8211; Allocation d&rsquo;Education Enfant Handicap\u00e9<\/a><\/li><li><a href=\"https:\/\/pierre-noblet-dev.tech\/public\/?p=566\">PCH &#8211; Prime Compl\u00e9mentaire Handicap\u00e9<\/a><\/li><li><a href=\"https:\/\/pierre-noblet-dev.tech\/public\/?p=571\">RQTH &#8211; Reconnaissance de la Qualit\u00e9 de Travailleur Handicap\u00e9<\/a><\/li><\/ul>\t\t\t\t\t\t\t\t<\/div>\n\t\t\t\t<\/div>\n\t\t\t\t\t<\/div>\n\t\t<\/div>\n\t\t\t\t<div class=\"elementor-column elementor-col-50 elementor-inner-column elementor-element elementor-element-01d8b1b\" data-id=\"01d8b1b\" data-element_type=\"column\" data-e-type=\"column\" data-settings=\"{&quot;background_background&quot;:&quot;classic&quot;}\">\n\t\t\t<div class=\"elementor-widget-wrap elementor-element-populated\">\n\t\t\t\t\t\t<div class=\"elementor-element elementor-element-83cf824 elementor-view-framed elementor-shape-circle elementor-widget elementor-widget-icon\" data-id=\"83cf824\" data-element_type=\"widget\" data-e-type=\"widget\" data-widget_type=\"icon.default\">\n\t\t\t\t<div class=\"elementor-widget-container\">\n\t\t\t\t\t\t\t<div class=\"elementor-icon-wrapper\">\n\t\t\t<a class=\"elementor-icon elementor-animation-pop\" href=\"https:\/\/pierre-noblet-dev.tech\/public\/?page_id=581\">\n\t\t\t<i aria-hidden=\"true\" class=\"fas fa-blind\"><\/i>\t\t\t<\/a>\n\t\t<\/div>\n\t\t\t\t\t\t<\/div>\n\t\t\t\t<\/div>\n\t\t\t\t<div class=\"elementor-element elementor-element-020da07 elementor-widget elementor-widget-heading\" data-id=\"020da07\" data-element_type=\"widget\" data-e-type=\"widget\" data-widget_type=\"heading.default\">\n\t\t\t\t<div class=\"elementor-widget-container\">\n\t\t\t\t\t<h3 class=\"elementor-heading-title elementor-size-xl\"><a href=\"https:\/\/pierre-noblet-dev.tech\/public\/?page_id=581\">Personnes \u00e2g\u00e9es<\/a><\/h3>\t\t\t\t<\/div>\n\t\t\t\t<\/div>\n\t\t\t\t<div class=\"elementor-element elementor-element-0965b87 elementor-widget elementor-widget-text-editor\" data-id=\"0965b87\" data-element_type=\"widget\" data-e-type=\"widget\" data-widget_type=\"text-editor.default\">\n\t\t\t\t<div class=\"elementor-widget-container\">\n\t\t\t\t\t\t\t\t\t<ul><li><a href=\"https:\/\/pierre-noblet-dev.tech\/public\/?p=586\">APA &#8211; Allocation Personnalis\u00e9 d&rsquo;Autonomie<\/a><\/li><li><a href=\"https:\/\/pierre-noblet-dev.tech\/public\/?p=1955\">Allocation simple d&rsquo;aides sociale pour personnes \u00e2g\u00e9es<\/a><\/li><li><a href=\"https:\/\/pierre-noblet-dev.tech\/public\/?p=604\">Allocation pour une aide m\u00e9nag\u00e8re \u00e0 domicile<\/a><\/li><\/ul>\t\t\t\t\t\t\t\t<\/div>\n\t\t\t\t<\/div>\n\t\t\t\t\t<\/div>\n\t\t<\/div>\n\t\t\t\t\t<\/div>\n\t\t<\/section>\n\t\t\t\t\t<\/div>\n\t\t<\/div>\n\t\t\t\t\t<\/div>\n\t\t<\/section>\n\t\t\t\t<section class=\"elementor-section elementor-top-section elementor-element elementor-element-8a52a75 elementor-section-boxed elementor-section-height-default elementor-section-height-default\" data-id=\"8a52a75\" data-element_type=\"section\" data-e-type=\"section\">\n\t\t\t\t\t\t<div class=\"elementor-container elementor-column-gap-default\">\n\t\t\t\t\t<div class=\"elementor-column elementor-col-100 elementor-top-column elementor-element elementor-element-41d0c56\" data-id=\"41d0c56\" data-element_type=\"column\" data-e-type=\"column\">\n\t\t\t<div class=\"elementor-widget-wrap elementor-element-populated\">\n\t\t\t\t\t\t<section class=\"elementor-section elementor-inner-section elementor-element elementor-element-0e72794 elementor-section-boxed elementor-section-height-default elementor-section-height-default\" data-id=\"0e72794\" data-element_type=\"section\" data-e-type=\"section\">\n\t\t\t\t\t\t<div class=\"elementor-container elementor-column-gap-wider\">\n\t\t\t\t\t<div class=\"elementor-column elementor-col-100 elementor-inner-column elementor-element elementor-element-97b7870\" data-id=\"97b7870\" data-element_type=\"column\" data-e-type=\"column\" data-settings=\"{&quot;background_background&quot;:&quot;classic&quot;}\">\n\t\t\t<div class=\"elementor-widget-wrap elementor-element-populated\">\n\t\t\t\t\t\t<div class=\"elementor-element elementor-element-276a2ad elementor-view-framed elementor-shape-circle elementor-widget elementor-widget-icon\" data-id=\"276a2ad\" data-element_type=\"widget\" data-e-type=\"widget\" data-widget_type=\"icon.default\">\n\t\t\t\t<div class=\"elementor-widget-container\">\n\t\t\t\t\t\t\t<div class=\"elementor-icon-wrapper\">\n\t\t\t<a class=\"elementor-icon elementor-animation-pop\" href=\"https:\/\/pierre-noblet-dev.tech\/public\/?page_id=609\">\n\t\t\t<i aria-hidden=\"true\" class=\"far fa-address-card\"><\/i>\t\t\t<\/a>\n\t\t<\/div>\n\t\t\t\t\t\t<\/div>\n\t\t\t\t<\/div>\n\t\t\t\t<div class=\"elementor-element elementor-element-0a115d3 elementor-widget elementor-widget-heading\" data-id=\"0a115d3\" data-element_type=\"widget\" data-e-type=\"widget\" data-widget_type=\"heading.default\">\n\t\t\t\t<div class=\"elementor-widget-container\">\n\t\t\t\t\t<h3 class=\"elementor-heading-title elementor-size-xl\"><a href=\"https:\/\/pierre-noblet-dev.tech\/public\/?page_id=609\">Personnes migrantes<\/a><\/h3>\t\t\t\t<\/div>\n\t\t\t\t<\/div>\n\t\t\t\t<div class=\"elementor-element elementor-element-6098672 elementor-widget elementor-widget-text-editor\" data-id=\"6098672\" data-element_type=\"widget\" data-e-type=\"widget\" data-widget_type=\"text-editor.default\">\n\t\t\t\t<div class=\"elementor-widget-container\">\n\t\t\t\t\t\t\t\t\t<ul><li><a href=\"https:\/\/pierre-noblet-dev.tech\/public\/?p=1004\">Premi\u00e8re demande de Titre de Sejour Hors UE<\/a><\/li><li><a href=\"https:\/\/pierre-noblet-dev.tech\/public\/?p=632\">OQTF &#8211; Ordre de quitter le territoire<\/a><\/li><\/ul>\t\t\t\t\t\t\t\t<\/div>\n\t\t\t\t<\/div>\n\t\t\t\t\t<\/div>\n\t\t<\/div>\n\t\t\t\t\t<\/div>\n\t\t<\/section>\n\t\t\t\t\t<\/div>\n\t\t<\/div>\n\t\t\t\t\t<\/div>\n\t\t<\/section>\n\t\t\t\t<\/div>\n\t\t","protected":false},"excerpt":{"rendered":"<p>Fiches Acc\u00e8s aux droits Aides Financi\u00e8res RSA &#8211; Revenu de Solidarit\u00e9 Active ASS &#8211; Allocation de solidarit\u00e9 sp\u00e9cifique ARE &#8211; Allocation de ch\u00f4mage d&rsquo;aide au Retour \u00e0 l&#8217;emploi ASPA &#8211; Allocation de Solidarit\u00e9 aux Personnes \u00c2g\u00e9es Prime d&rsquo;Activit\u00e9 \u00a0Ch\u00e8que \u00c9nergie H\u00e9bergement DAHO &#8211; Droit A l&rsquo;H\u00e9bergement Opposable DALO &#8211; Droit Au Logement Opposable FSL &#8211; <a class=\"read-more\" href=\"https:\/\/pierre-noblet-dev.tech\/public\/acces-aux-droits\/\">Read More<\/a><\/p>\n","protected":false},"author":1,"featured_media":0,"parent":0,"menu_order":0,"comment_status":"closed","ping_status":"closed","template":"","meta":{"footnotes":""},"class_list":["post-681","page","type-page","status-publish","hentry"],"_links":{"self":[{"href":"https:\/\/pierre-noblet-dev.tech\/public\/wp-json\/wp\/v2\/pages\/681","targetHints":{"allow":["GET"]}}],"collection":[{"href":"https:\/\/pierre-noblet-dev.tech\/public\/wp-json\/wp\/v2\/pages"}],"about":[{"href":"https:\/\/pierre-noblet-dev.tech\/public\/wp-json\/wp\/v2\/types\/page"}],"author":[{"embeddable":true,"href":"https:\/\/pierre-noblet-dev.tech\/public\/wp-json\/wp\/v2\/users\/1"}],"replies":[{"embeddable":true,"href":"https:\/\/pierre-noblet-dev.tech\/public\/wp-json\/wp\/v2\/comments?post=681"}],"version-history":[{"count":20,"href":"https:\/\/pierre-noblet-dev.tech\/public\/wp-json\/wp\/v2\/pages\/681\/revisions"}],"predecessor-version":[{"id":2129,"href":"https:\/\/pierre-noblet-dev.tech\/public\/wp-json\/wp\/v2\/pages\/681\/revisions\/2129"}],"wp:attachment":[{"href":"https:\/\/pierre-noblet-dev.tech\/public\/wp-json\/wp\/v2\/media?parent=681"}],"curies":[{"name":"wp","href":"https:\/\/api.w.org\/{rel}","templated":true}]}}